{"id":129,"date":"2013-03-06T04:43:11","date_gmt":"2013-03-06T04:43:11","guid":{"rendered":"http:\/\/demos.shapingrain.com\/justlandedwp\/?page_id=129"},"modified":"2015-03-26T10:18:04","modified_gmt":"2015-03-26T10:18:04","slug":"about-us","status":"publish","type":"page","link":"http:\/\/www.aquastill.co.rs\/blog\/wordpress\/about-us\/","title":{"rendered":"Reference"},"content":{"rendered":"<div class=\"one_half\">\n<h3><span style=\"font-family: arial, helvetica, sans-serif;\">Kirka Suri \u2013 Beograd<\/span><\/h3>\n<h3><span style=\"font-family: arial, helvetica, sans-serif;\">Graditelj \u2013 Novi Sad<\/span><\/h3>\n<h3><span style=\"font-family: arial, helvetica, sans-serif;\">Delta agrar \u2013 Ban. Topola<\/span><\/h3>\n<h3><span style=\"font-family: arial, helvetica, sans-serif;\">Beba \u2013 Temerin<\/span><\/h3>\n<h3><span style=\"font-family: arial, helvetica, sans-serif;\">Hotel Fontana \u2013 Ba\u010dka Palanka<\/span><\/h3>\n<h3><span style=\"font-family: arial, helvetica, sans-serif;\">Macval \u2013 \u010coka<\/span><\/h3>\n<h3><span style=\"font-family: arial, helvetica, sans-serif;\">Valor \u2013 Zrenjanin<\/span><\/h3>\n<h3><span style=\"font-family: arial, helvetica, sans-serif;\">Jugohulahop \u2013 \u0160abac<\/span><\/h3>\n<h3><span style=\"font-family: arial, helvetica, sans-serif;\">AG Moment \u2013 Beograd<\/span><\/h3>\n<h3><span style=\"font-family: arial, helvetica, sans-serif;\">Zori\u0107 \u2013 Temerin<\/span><\/h3>\n<h3><span style=\"font-family: arial, helvetica, sans-serif;\">Restoran Holivud \u2013 Ni\u0161<\/span><\/h3>\n<h3><span style=\"font-family: arial, helvetica, sans-serif;\">Mlekara Granice \u2013 Mladenovac<\/span><\/h3>\n<h3><span style=\"font-family: arial, helvetica, sans-serif;\">Lastovi\u0107 \u2013 Be\u010dej<\/span><\/h3>\n<h3><span style=\"font-family: arial, helvetica, sans-serif;\">Univerzitet \u2013 Novi Sad<\/span><\/h3>\n<h3><span style=\"font-family: arial, helvetica, sans-serif;\">P.D. Magli\u0107 \u2013 Ba\u010dki Magli\u0107<\/span><\/h3>\n<h3><span style=\"font-family: arial, helvetica, sans-serif;\">Jardin \u2013 Ba\u010dka Palanka<\/span><\/h3>\n<h3><span style=\"font-family: arial, helvetica, sans-serif;\">Gradina sistem \u2013 Temerin<\/span><\/h3>\n<h3><span style=\"font-family: arial, helvetica, sans-serif;\">Minesal \u2013 Pan\u010devo<\/span><\/h3>\n<h3><span style=\"font-family: arial, helvetica, sans-serif;\">\u0110ur\u0111evi\u0107\u00a0 &#8211; Pe\u0107inci<\/span><\/h3>\n<h3><span style=\"font-family: arial, helvetica, sans-serif;\">Fruitland \u2013 Subotica&#8230;<\/span><\/h3>\n<\/div><div class=\"one_half last\"><a href=\"http:\/\/www.aquastill.co.rs\/blog\/wordpress\/wp-content\/uploads\/2013\/03\/fontana-za-baner.png\"><img loading=\"lazy\" decoding=\"async\" class=\"alignnone size-full wp-image-757\" src=\"http:\/\/www.aquastill.co.rs\/blog\/wordpress\/wp-content\/uploads\/2013\/03\/fontana-za-baner.png\" alt=\"fontana za baner\" width=\"460\" height=\"430\" srcset=\"http:\/\/www.aquastill.co.rs\/blog\/wordpress\/wp-content\/uploads\/2013\/03\/fontana-za-baner.png 460w, http:\/\/www.aquastill.co.rs\/blog\/wordpress\/wp-content\/uploads\/2013\/03\/fontana-za-baner-300x280.png 300w\" sizes=\"(max-width: 460px) 100vw, 460px\" \/><\/a><\/div><div class=\"clear\"><\/div>\n\n<p>&nbsp;<\/p>\n","protected":false},"excerpt":{"rendered":"<p>&nbsp;<\/p>\n","protected":false},"author":1,"featured_media":0,"parent":0,"menu_order":0,"comment_status":"closed","ping_status":"open","template":"page-with-banner.php","meta":{"sfsi_plus_gutenberg_text_before_share":"","sfsi_plus_gutenberg_show_text_before_share":"","sfsi_plus_gutenberg_icon_type":"","sfsi_plus_gutenberg_icon_alignemt":"","sfsi_plus_gutenburg_max_per_row":"","footnotes":""},"yoast_head":"<!-- This site is optimized with the Yoast SEO plugin v22.2 - https:\/\/yoast.com\/wordpress\/plugins\/seo\/ -->\n<title>Reference- Akva Stil Fontane - Ure\u0111enje dvori\u0161ta Novi Sad<\/title>\n<meta name=\"description\" content=\"Kirka Suri \u2013 Beograd, Graditelj \u2013 Novi Sad, Delta agrar \u2013 Ban. Topola, Beba \u2013 Temerin, Hotel Fontana \u2013 Ba\u010dka Palanka, Macval \u2013 \u010coka, Valor \u2013 Zrenjanin, Jugohulahop \u2013 \u0160abac, AG Moment \u2013 Beograd,Zori\u0107 \u2013 Temerin\" \/>\n<meta name=\"robots\" content=\"index, follow, max-snippet:-1, max-image-preview:large, max-video-preview:-1\" \/>\n<link rel=\"canonical\" href=\"https:\/\/www.aquastill.co.rs\/blog\/wordpress\/about-us\/\" \/>\n<meta property=\"og:locale\" content=\"en_US\" \/>\n<meta property=\"og:type\" content=\"article\" \/>\n<meta property=\"og:title\" content=\"Reference- Akva Stil Fontane - Ure\u0111enje dvori\u0161ta Novi Sad\" \/>\n<meta property=\"og:description\" content=\"Kirka Suri \u2013 Beograd, Graditelj \u2013 Novi Sad, Delta agrar \u2013 Ban. Topola, Beba \u2013 Temerin, Hotel Fontana \u2013 Ba\u010dka Palanka, Macval \u2013 \u010coka, Valor \u2013 Zrenjanin, Jugohulahop \u2013 \u0160abac, AG Moment \u2013 Beograd,Zori\u0107 \u2013 Temerin\" \/>\n<meta property=\"og:url\" content=\"https:\/\/www.aquastill.co.rs\/blog\/wordpress\/about-us\/\" \/>\n<meta property=\"og:site_name\" content=\"Akva Stil Fontane\" \/>\n<meta property=\"article:modified_time\" content=\"2015-03-26T10:18:04+00:00\" \/>\n<meta property=\"og:image\" content=\"http:\/\/www.aquastill.co.rs\/blog\/wordpress\/wp-content\/uploads\/2013\/03\/fontana-za-baner.png\" \/>\n<script type=\"application\/ld+json\" class=\"yoast-schema-graph\">{\"@context\":\"https:\/\/schema.org\",\"@graph\":[{\"@type\":\"WebPage\",\"@id\":\"https:\/\/www.aquastill.co.rs\/blog\/wordpress\/about-us\/\",\"url\":\"https:\/\/www.aquastill.co.rs\/blog\/wordpress\/about-us\/\",\"name\":\"Reference- Akva Stil Fontane - Ure\u0111enje dvori\u0161ta Novi Sad\",\"isPartOf\":{\"@id\":\"http:\/\/www.aquastill.co.rs\/blog\/wordpress\/#website\"},\"primaryImageOfPage\":{\"@id\":\"https:\/\/www.aquastill.co.rs\/blog\/wordpress\/about-us\/#primaryimage\"},\"image\":{\"@id\":\"https:\/\/www.aquastill.co.rs\/blog\/wordpress\/about-us\/#primaryimage\"},\"thumbnailUrl\":\"http:\/\/www.aquastill.co.rs\/blog\/wordpress\/wp-content\/uploads\/2013\/03\/fontana-za-baner.png\",\"datePublished\":\"2013-03-06T04:43:11+00:00\",\"dateModified\":\"2015-03-26T10:18:04+00:00\",\"description\":\"Kirka Suri \u2013 Beograd, Graditelj \u2013 Novi Sad, Delta agrar \u2013 Ban. Topola, Beba \u2013 Temerin, Hotel Fontana \u2013 Ba\u010dka Palanka, Macval \u2013 \u010coka, Valor \u2013 Zrenjanin, Jugohulahop \u2013 \u0160abac, AG Moment \u2013 Beograd,Zori\u0107 \u2013 Temerin\",\"breadcrumb\":{\"@id\":\"https:\/\/www.aquastill.co.rs\/blog\/wordpress\/about-us\/#breadcrumb\"},\"inLanguage\":\"en-US\",\"potentialAction\":[{\"@type\":\"ReadAction\",\"target\":[\"https:\/\/www.aquastill.co.rs\/blog\/wordpress\/about-us\/\"]}]},{\"@type\":\"ImageObject\",\"inLanguage\":\"en-US\",\"@id\":\"https:\/\/www.aquastill.co.rs\/blog\/wordpress\/about-us\/#primaryimage\",\"url\":\"http:\/\/www.aquastill.co.rs\/blog\/wordpress\/wp-content\/uploads\/2013\/03\/fontana-za-baner.png\",\"contentUrl\":\"http:\/\/www.aquastill.co.rs\/blog\/wordpress\/wp-content\/uploads\/2013\/03\/fontana-za-baner.png\",\"width\":460,\"height\":430},{\"@type\":\"BreadcrumbList\",\"@id\":\"https:\/\/www.aquastill.co.rs\/blog\/wordpress\/about-us\/#breadcrumb\",\"itemListElement\":[{\"@type\":\"ListItem\",\"position\":1,\"name\":\"Home\",\"item\":\"http:\/\/www.aquastill.co.rs\/blog\/wordpress\/\"},{\"@type\":\"ListItem\",\"position\":2,\"name\":\"Reference\"}]},{\"@type\":\"WebSite\",\"@id\":\"http:\/\/www.aquastill.co.rs\/blog\/wordpress\/#website\",\"url\":\"http:\/\/www.aquastill.co.rs\/blog\/wordpress\/\",\"name\":\"Akva Stil Fontane\",\"description\":\"Ure\u0111enje dvori\u0161ta!\",\"potentialAction\":[{\"@type\":\"SearchAction\",\"target\":{\"@type\":\"EntryPoint\",\"urlTemplate\":\"http:\/\/www.aquastill.co.rs\/blog\/wordpress\/?s={search_term_string}\"},\"query-input\":\"required name=search_term_string\"}],\"inLanguage\":\"en-US\"}]}<\/script>\n<!-- \/ Yoast SEO plugin. -->","yoast_head_json":{"title":"Reference- Akva Stil Fontane - Ure\u0111enje dvori\u0161ta Novi Sad","description":"Kirka Suri \u2013 Beograd, Graditelj \u2013 Novi Sad, Delta agrar \u2013 Ban. Topola, Beba \u2013 Temerin, Hotel Fontana \u2013 Ba\u010dka Palanka, Macval \u2013 \u010coka, Valor \u2013 Zrenjanin, Jugohulahop \u2013 \u0160abac, AG Moment \u2013 Beograd,Zori\u0107 \u2013 Temerin","robots":{"index":"index","follow":"follow","max-snippet":"max-snippet:-1","max-image-preview":"max-image-preview:large","max-video-preview":"max-video-preview:-1"},"canonical":"https:\/\/www.aquastill.co.rs\/blog\/wordpress\/about-us\/","og_locale":"en_US","og_type":"article","og_title":"Reference- Akva Stil Fontane - Ure\u0111enje dvori\u0161ta Novi Sad","og_description":"Kirka Suri \u2013 Beograd, Graditelj \u2013 Novi Sad, Delta agrar \u2013 Ban. Topola, Beba \u2013 Temerin, Hotel Fontana \u2013 Ba\u010dka Palanka, Macval \u2013 \u010coka, Valor \u2013 Zrenjanin, Jugohulahop \u2013 \u0160abac, AG Moment \u2013 Beograd,Zori\u0107 \u2013 Temerin","og_url":"https:\/\/www.aquastill.co.rs\/blog\/wordpress\/about-us\/","og_site_name":"Akva Stil Fontane","article_modified_time":"2015-03-26T10:18:04+00:00","og_image":[{"url":"http:\/\/www.aquastill.co.rs\/blog\/wordpress\/wp-content\/uploads\/2013\/03\/fontana-za-baner.png"}],"schema":{"@context":"https:\/\/schema.org","@graph":[{"@type":"WebPage","@id":"https:\/\/www.aquastill.co.rs\/blog\/wordpress\/about-us\/","url":"https:\/\/www.aquastill.co.rs\/blog\/wordpress\/about-us\/","name":"Reference- Akva Stil Fontane - Ure\u0111enje dvori\u0161ta Novi Sad","isPartOf":{"@id":"http:\/\/www.aquastill.co.rs\/blog\/wordpress\/#website"},"primaryImageOfPage":{"@id":"https:\/\/www.aquastill.co.rs\/blog\/wordpress\/about-us\/#primaryimage"},"image":{"@id":"https:\/\/www.aquastill.co.rs\/blog\/wordpress\/about-us\/#primaryimage"},"thumbnailUrl":"http:\/\/www.aquastill.co.rs\/blog\/wordpress\/wp-content\/uploads\/2013\/03\/fontana-za-baner.png","datePublished":"2013-03-06T04:43:11+00:00","dateModified":"2015-03-26T10:18:04+00:00","description":"Kirka Suri \u2013 Beograd, Graditelj \u2013 Novi Sad, Delta agrar \u2013 Ban. Topola, Beba \u2013 Temerin, Hotel Fontana \u2013 Ba\u010dka Palanka, Macval \u2013 \u010coka, Valor \u2013 Zrenjanin, Jugohulahop \u2013 \u0160abac, AG Moment \u2013 Beograd,Zori\u0107 \u2013 Temerin","breadcrumb":{"@id":"https:\/\/www.aquastill.co.rs\/blog\/wordpress\/about-us\/#breadcrumb"},"inLanguage":"en-US","potentialAction":[{"@type":"ReadAction","target":["https:\/\/www.aquastill.co.rs\/blog\/wordpress\/about-us\/"]}]},{"@type":"ImageObject","inLanguage":"en-US","@id":"https:\/\/www.aquastill.co.rs\/blog\/wordpress\/about-us\/#primaryimage","url":"http:\/\/www.aquastill.co.rs\/blog\/wordpress\/wp-content\/uploads\/2013\/03\/fontana-za-baner.png","contentUrl":"http:\/\/www.aquastill.co.rs\/blog\/wordpress\/wp-content\/uploads\/2013\/03\/fontana-za-baner.png","width":460,"height":430},{"@type":"BreadcrumbList","@id":"https:\/\/www.aquastill.co.rs\/blog\/wordpress\/about-us\/#breadcrumb","itemListElement":[{"@type":"ListItem","position":1,"name":"Home","item":"http:\/\/www.aquastill.co.rs\/blog\/wordpress\/"},{"@type":"ListItem","position":2,"name":"Reference"}]},{"@type":"WebSite","@id":"http:\/\/www.aquastill.co.rs\/blog\/wordpress\/#website","url":"http:\/\/www.aquastill.co.rs\/blog\/wordpress\/","name":"Akva Stil Fontane","description":"Ure\u0111enje dvori\u0161ta!","potentialAction":[{"@type":"SearchAction","target":{"@type":"EntryPoint","urlTemplate":"http:\/\/www.aquastill.co.rs\/blog\/wordpress\/?s={search_term_string}"},"query-input":"required name=search_term_string"}],"inLanguage":"en-US"}]}},"_links":{"self":[{"href":"http:\/\/www.aquastill.co.rs\/blog\/wordpress\/wp-json\/wp\/v2\/pages\/129"}],"collection":[{"href":"http:\/\/www.aquastill.co.rs\/blog\/wordpress\/wp-json\/wp\/v2\/pages"}],"about":[{"href":"http:\/\/www.aquastill.co.rs\/blog\/wordpress\/wp-json\/wp\/v2\/types\/page"}],"author":[{"embeddable":true,"href":"http:\/\/www.aquastill.co.rs\/blog\/wordpress\/wp-json\/wp\/v2\/users\/1"}],"replies":[{"embeddable":true,"href":"http:\/\/www.aquastill.co.rs\/blog\/wordpress\/wp-json\/wp\/v2\/comments?post=129"}],"version-history":[{"count":9,"href":"http:\/\/www.aquastill.co.rs\/blog\/wordpress\/wp-json\/wp\/v2\/pages\/129\/revisions"}],"predecessor-version":[{"id":760,"href":"http:\/\/www.aquastill.co.rs\/blog\/wordpress\/wp-json\/wp\/v2\/pages\/129\/revisions\/760"}],"wp:attachment":[{"href":"http:\/\/www.aquastill.co.rs\/blog\/wordpress\/wp-json\/wp\/v2\/media?parent=129"}],"curies":[{"name":"wp","href":"https:\/\/api.w.org\/{rel}","templated":true}]}}