{"id":389,"date":"2015-02-23T11:44:21","date_gmt":"2015-02-23T11:44:21","guid":{"rendered":"http:\/\/www.aquastill.co.rs\/blog\/wordpress\/?page_id=389"},"modified":"2015-03-26T10:17:32","modified_gmt":"2015-03-26T10:17:32","slug":"usluge","status":"publish","type":"page","link":"http:\/\/www.aquastill.co.rs\/blog\/wordpress\/usluge\/","title":{"rendered":"Usluge"},"content":{"rendered":"<div class=\"one_half\">\n<h3><span style=\"font-size: 14pt;\"><strong><span style=\"font-family: arial, helvetica, sans-serif;\">Osnovna delatnost na\u0161e firme je arhitektura pejza\u017ea I ure\u0111enje enterijera.<\/span><\/strong><\/span><\/h3>\n<h3><span style=\"font-size: 14pt;\"><strong><span style=\"font-family: arial, helvetica, sans-serif;\">\u00a0Kombinacijom prirodnog kamena, masivnog drveta, vode, svetlosti i zelenila do\u010daramo prirodni sklad a va\u0161 prostor pretvaramo u oazu mira i harmonije.<\/span><\/strong><\/span><\/h3>\n<h3><span style=\"font-size: 14pt;\"><strong><span style=\"font-family: arial, helvetica, sans-serif;\">Vi\u0161egodi\u0161nje iskustvo, stru\u010dnost, \u00a0visok stepen zavr\u0161ne obrade, adekvatna cenovna politika kratki rokovi, kvalitet i profesionalnost nas \u010dine prepoznatljivim i omogu\u0107uju da iza\u0111emo u susret svim va\u0161im \u017eeljama.<\/span><\/strong><\/span><\/h3>\n<h3><span style=\"font-size: 14pt;\"><strong><span style=\"font-family: arial, helvetica, sans-serif;\">U realizaciji svih na\u0161ih projekata aktivno su uklju\u010deni stru\u010dnjaci iz oblasti gra\u0111evine, arhitekture pejza\u017ea i hortikulture.<\/span><\/strong><\/span><\/h3>\n<h3><span style=\"font-size: 14pt;\"><strong><span style=\"font-family: arial, helvetica, sans-serif;\">Inspiracija, kreativnost, ljubav i znanje stvaraju proizvode . Neke od njih mo\u017eete pogledati u navedenim galerijama.<\/span><\/strong><\/span><\/h3>\n<\/div><div class=\"one_half last\"><a href=\"http:\/\/www.aquastill.co.rs\/blog\/wordpress\/wp-content\/uploads\/2013\/03\/fontana-za-baner.png\"><img loading=\"lazy\" decoding=\"async\" class=\"alignnone size-full wp-image-757\" src=\"http:\/\/www.aquastill.co.rs\/blog\/wordpress\/wp-content\/uploads\/2013\/03\/fontana-za-baner.png\" alt=\"fontana za baner\" width=\"460\" height=\"430\" srcset=\"http:\/\/www.aquastill.co.rs\/blog\/wordpress\/wp-content\/uploads\/2013\/03\/fontana-za-baner.png 460w, http:\/\/www.aquastill.co.rs\/blog\/wordpress\/wp-content\/uploads\/2013\/03\/fontana-za-baner-300x280.png 300w\" sizes=\"(max-width: 460px) 100vw, 460px\" \/><\/a><\/div><div class=\"clear\"><\/div>\n\n<p>&nbsp;<\/p>\n","protected":false},"excerpt":{"rendered":"<p>&nbsp;<\/p>\n","protected":false},"author":1,"featured_media":0,"parent":0,"menu_order":0,"comment_status":"closed","ping_status":"open","template":"page-with-banner.php","meta":{"sfsi_plus_gutenberg_text_before_share":"","sfsi_plus_gutenberg_show_text_before_share":"","sfsi_plus_gutenberg_icon_type":"","sfsi_plus_gutenberg_icon_alignemt":"","sfsi_plus_gutenburg_max_per_row":"","footnotes":""},"yoast_head":"<!-- This site is optimized with the Yoast SEO plugin v22.2 - https:\/\/yoast.com\/wordpress\/plugins\/seo\/ -->\n<title>Usluge - Akva Stil Fontane<\/title>\n<meta name=\"robots\" content=\"index, follow, max-snippet:-1, max-image-preview:large, max-video-preview:-1\" \/>\n<link rel=\"canonical\" href=\"https:\/\/www.aquastill.co.rs\/blog\/wordpress\/usluge\/\" \/>\n<meta property=\"og:locale\" content=\"en_US\" \/>\n<meta property=\"og:type\" content=\"article\" \/>\n<meta property=\"og:title\" content=\"Usluge - Akva Stil Fontane\" \/>\n<meta property=\"og:description\" content=\"&nbsp;\" \/>\n<meta property=\"og:url\" content=\"https:\/\/www.aquastill.co.rs\/blog\/wordpress\/usluge\/\" \/>\n<meta property=\"og:site_name\" content=\"Akva Stil Fontane\" \/>\n<meta property=\"article:modified_time\" content=\"2015-03-26T10:17:32+00:00\" \/>\n<meta property=\"og:image\" content=\"http:\/\/www.aquastill.co.rs\/blog\/wordpress\/wp-content\/uploads\/2013\/03\/fontana-za-baner.png\" \/>\n<meta name=\"twitter:label1\" content=\"Est. reading time\" \/>\n\t<meta name=\"twitter:data1\" content=\"1 minute\" \/>\n<script type=\"application\/ld+json\" class=\"yoast-schema-graph\">{\"@context\":\"https:\/\/schema.org\",\"@graph\":[{\"@type\":\"WebPage\",\"@id\":\"https:\/\/www.aquastill.co.rs\/blog\/wordpress\/usluge\/\",\"url\":\"https:\/\/www.aquastill.co.rs\/blog\/wordpress\/usluge\/\",\"name\":\"Usluge - Akva Stil Fontane\",\"isPartOf\":{\"@id\":\"https:\/\/www.aquastill.co.rs\/blog\/wordpress\/#website\"},\"primaryImageOfPage\":{\"@id\":\"https:\/\/www.aquastill.co.rs\/blog\/wordpress\/usluge\/#primaryimage\"},\"image\":{\"@id\":\"https:\/\/www.aquastill.co.rs\/blog\/wordpress\/usluge\/#primaryimage\"},\"thumbnailUrl\":\"http:\/\/www.aquastill.co.rs\/blog\/wordpress\/wp-content\/uploads\/2013\/03\/fontana-za-baner.png\",\"datePublished\":\"2015-02-23T11:44:21+00:00\",\"dateModified\":\"2015-03-26T10:17:32+00:00\",\"breadcrumb\":{\"@id\":\"https:\/\/www.aquastill.co.rs\/blog\/wordpress\/usluge\/#breadcrumb\"},\"inLanguage\":\"en-US\",\"potentialAction\":[{\"@type\":\"ReadAction\",\"target\":[\"https:\/\/www.aquastill.co.rs\/blog\/wordpress\/usluge\/\"]}]},{\"@type\":\"ImageObject\",\"inLanguage\":\"en-US\",\"@id\":\"https:\/\/www.aquastill.co.rs\/blog\/wordpress\/usluge\/#primaryimage\",\"url\":\"http:\/\/www.aquastill.co.rs\/blog\/wordpress\/wp-content\/uploads\/2013\/03\/fontana-za-baner.png\",\"contentUrl\":\"http:\/\/www.aquastill.co.rs\/blog\/wordpress\/wp-content\/uploads\/2013\/03\/fontana-za-baner.png\",\"width\":460,\"height\":430},{\"@type\":\"BreadcrumbList\",\"@id\":\"https:\/\/www.aquastill.co.rs\/blog\/wordpress\/usluge\/#breadcrumb\",\"itemListElement\":[{\"@type\":\"ListItem\",\"position\":1,\"name\":\"Home\",\"item\":\"https:\/\/www.aquastill.co.rs\/blog\/wordpress\/\"},{\"@type\":\"ListItem\",\"position\":2,\"name\":\"Usluge\"}]},{\"@type\":\"WebSite\",\"@id\":\"https:\/\/www.aquastill.co.rs\/blog\/wordpress\/#website\",\"url\":\"https:\/\/www.aquastill.co.rs\/blog\/wordpress\/\",\"name\":\"Akva Stil Fontane\",\"description\":\"Ure\u0111enje dvori\u0161ta!\",\"potentialAction\":[{\"@type\":\"SearchAction\",\"target\":{\"@type\":\"EntryPoint\",\"urlTemplate\":\"https:\/\/www.aquastill.co.rs\/blog\/wordpress\/?s={search_term_string}\"},\"query-input\":\"required name=search_term_string\"}],\"inLanguage\":\"en-US\"}]}<\/script>\n<!-- \/ Yoast SEO plugin. -->","yoast_head_json":{"title":"Usluge - Akva Stil Fontane","robots":{"index":"index","follow":"follow","max-snippet":"max-snippet:-1","max-image-preview":"max-image-preview:large","max-video-preview":"max-video-preview:-1"},"canonical":"https:\/\/www.aquastill.co.rs\/blog\/wordpress\/usluge\/","og_locale":"en_US","og_type":"article","og_title":"Usluge - Akva Stil Fontane","og_description":"&nbsp;","og_url":"https:\/\/www.aquastill.co.rs\/blog\/wordpress\/usluge\/","og_site_name":"Akva Stil Fontane","article_modified_time":"2015-03-26T10:17:32+00:00","og_image":[{"url":"http:\/\/www.aquastill.co.rs\/blog\/wordpress\/wp-content\/uploads\/2013\/03\/fontana-za-baner.png"}],"twitter_misc":{"Est. reading time":"1 minute"},"schema":{"@context":"https:\/\/schema.org","@graph":[{"@type":"WebPage","@id":"https:\/\/www.aquastill.co.rs\/blog\/wordpress\/usluge\/","url":"https:\/\/www.aquastill.co.rs\/blog\/wordpress\/usluge\/","name":"Usluge - Akva Stil Fontane","isPartOf":{"@id":"https:\/\/www.aquastill.co.rs\/blog\/wordpress\/#website"},"primaryImageOfPage":{"@id":"https:\/\/www.aquastill.co.rs\/blog\/wordpress\/usluge\/#primaryimage"},"image":{"@id":"https:\/\/www.aquastill.co.rs\/blog\/wordpress\/usluge\/#primaryimage"},"thumbnailUrl":"http:\/\/www.aquastill.co.rs\/blog\/wordpress\/wp-content\/uploads\/2013\/03\/fontana-za-baner.png","datePublished":"2015-02-23T11:44:21+00:00","dateModified":"2015-03-26T10:17:32+00:00","breadcrumb":{"@id":"https:\/\/www.aquastill.co.rs\/blog\/wordpress\/usluge\/#breadcrumb"},"inLanguage":"en-US","potentialAction":[{"@type":"ReadAction","target":["https:\/\/www.aquastill.co.rs\/blog\/wordpress\/usluge\/"]}]},{"@type":"ImageObject","inLanguage":"en-US","@id":"https:\/\/www.aquastill.co.rs\/blog\/wordpress\/usluge\/#primaryimage","url":"http:\/\/www.aquastill.co.rs\/blog\/wordpress\/wp-content\/uploads\/2013\/03\/fontana-za-baner.png","contentUrl":"http:\/\/www.aquastill.co.rs\/blog\/wordpress\/wp-content\/uploads\/2013\/03\/fontana-za-baner.png","width":460,"height":430},{"@type":"BreadcrumbList","@id":"https:\/\/www.aquastill.co.rs\/blog\/wordpress\/usluge\/#breadcrumb","itemListElement":[{"@type":"ListItem","position":1,"name":"Home","item":"https:\/\/www.aquastill.co.rs\/blog\/wordpress\/"},{"@type":"ListItem","position":2,"name":"Usluge"}]},{"@type":"WebSite","@id":"https:\/\/www.aquastill.co.rs\/blog\/wordpress\/#website","url":"https:\/\/www.aquastill.co.rs\/blog\/wordpress\/","name":"Akva Stil Fontane","description":"Ure\u0111enje dvori\u0161ta!","potentialAction":[{"@type":"SearchAction","target":{"@type":"EntryPoint","urlTemplate":"https:\/\/www.aquastill.co.rs\/blog\/wordpress\/?s={search_term_string}"},"query-input":"required name=search_term_string"}],"inLanguage":"en-US"}]}},"_links":{"self":[{"href":"http:\/\/www.aquastill.co.rs\/blog\/wordpress\/wp-json\/wp\/v2\/pages\/389"}],"collection":[{"href":"http:\/\/www.aquastill.co.rs\/blog\/wordpress\/wp-json\/wp\/v2\/pages"}],"about":[{"href":"http:\/\/www.aquastill.co.rs\/blog\/wordpress\/wp-json\/wp\/v2\/types\/page"}],"author":[{"embeddable":true,"href":"http:\/\/www.aquastill.co.rs\/blog\/wordpress\/wp-json\/wp\/v2\/users\/1"}],"replies":[{"embeddable":true,"href":"http:\/\/www.aquastill.co.rs\/blog\/wordpress\/wp-json\/wp\/v2\/comments?post=389"}],"version-history":[{"count":9,"href":"http:\/\/www.aquastill.co.rs\/blog\/wordpress\/wp-json\/wp\/v2\/pages\/389\/revisions"}],"predecessor-version":[{"id":759,"href":"http:\/\/www.aquastill.co.rs\/blog\/wordpress\/wp-json\/wp\/v2\/pages\/389\/revisions\/759"}],"wp:attachment":[{"href":"http:\/\/www.aquastill.co.rs\/blog\/wordpress\/wp-json\/wp\/v2\/media?parent=389"}],"curies":[{"name":"wp","href":"https:\/\/api.w.org\/{rel}","templated":true}]}}