{"id":668,"date":"2015-03-23T14:27:49","date_gmt":"2015-03-23T14:27:49","guid":{"rendered":"http:\/\/www.aquastill.co.rs\/blog\/wordpress\/?page_id=668"},"modified":"2019-01-14T08:47:56","modified_gmt":"2019-01-14T07:47:56","slug":"kontakt","status":"publish","type":"page","link":"http:\/\/www.aquastill.co.rs\/blog\/wordpress\/kontakt\/","title":{"rendered":"Kontakt"},"content":{"rendered":"<div class=\"one_third\"><div class=\"list_pin\">\n<ul>\n<li>\n<h3><span style=\"font-family: arial, helvetica, sans-serif; font-size: 18pt;\"><strong>Adresa:<\/strong><\/span><\/h3>\n<p><strong><span style=\"font-family: arial, helvetica, sans-serif; font-size: 18pt;\">S.Z.R AKVA STIL FONTANE<\/span><\/strong><\/p>\n<p><strong><span style=\"font-family: arial, helvetica, sans-serif; font-size: 18pt;\">Dimitrija Tucovi\u0107a 145a<\/span><\/strong><\/p>\n<p><strong><span style=\"font-family: arial, helvetica, sans-serif; font-size: 18pt;\">21238 \u010curug<\/span><\/strong><\/li>\n<\/ul>\n<\/div><div class=\"list_info\">\n<ul>\n<li>\n<h3><span style=\"font-family: arial, helvetica, sans-serif; font-size: 18pt;\"><strong>Kontakt Info:<\/strong><\/span><\/h3>\n<h3><span style=\"font-family: arial, helvetica, sans-serif; font-size: 18pt;\">TEL:021\/6933-545<\/span><\/h3>\n<h3><span style=\"font-family: arial, helvetica, sans-serif; font-size: 18pt;\">FAX: 021\/6935-473<\/span><\/h3>\n<h3><span style=\"font-family: arial, helvetica, sans-serif; font-size: 18pt;\">Mob: 064\/233-84-81<\/span><\/h3>\n<h3><span style=\"font-family: arial, helvetica, sans-serif; font-size: 18pt;\">Kontakt: Aleksandar<\/span><\/h3>\n<h3><span style=\"font-family: arial, helvetica, sans-serif; font-size: 18pt;\"><a href=\"mailto:aquastill@hotmail.rs\" target=\"_blank\">aquastill@hotmail.rs<\/a><\/span><\/h3>\n<\/li>\n<\/ul>\n<\/div><\/div><div class=\"one_third last\">\n<\/div><div class=\"clear\"><\/div>\n\n<hr \/>\n","protected":false},"excerpt":{"rendered":"","protected":false},"author":1,"featured_media":0,"parent":0,"menu_order":0,"comment_status":"closed","ping_status":"open","template":"page-with-banner.php","meta":{"sfsi_plus_gutenberg_text_before_share":"","sfsi_plus_gutenberg_show_text_before_share":"","sfsi_plus_gutenberg_icon_type":"","sfsi_plus_gutenberg_icon_alignemt":"","sfsi_plus_gutenburg_max_per_row":"","footnotes":""},"yoast_head":"<!-- This site is optimized with the Yoast SEO plugin v22.2 - https:\/\/yoast.com\/wordpress\/plugins\/seo\/ -->\n<title>Ure\u0111enje dvori\u0161ta Novi Sad - Akva Stil Fontane - Kontakt<\/title>\n<meta name=\"description\" content=\"S.Z.R AKVA STIL FONTANE, Dimitrija Tucovi\u0107a 145a, 21238 \u010curug, Telefon: 021\/835-545, 064\/233-84-81\" \/>\n<meta name=\"robots\" content=\"index, follow, max-snippet:-1, max-image-preview:large, max-video-preview:-1\" \/>\n<link rel=\"canonical\" href=\"http:\/\/www.aquastill.co.rs\/blog\/wordpress\/kontakt\/\" \/>\n<meta property=\"og:locale\" content=\"en_US\" \/>\n<meta property=\"og:type\" content=\"article\" \/>\n<meta property=\"og:title\" content=\"Ure\u0111enje dvori\u0161ta Novi Sad - Akva Stil Fontane - Kontakt\" \/>\n<meta property=\"og:description\" content=\"S.Z.R AKVA STIL FONTANE, Dimitrija Tucovi\u0107a 145a, 21238 \u010curug, Telefon: 021\/835-545, 064\/233-84-81\" \/>\n<meta property=\"og:url\" content=\"http:\/\/www.aquastill.co.rs\/blog\/wordpress\/kontakt\/\" \/>\n<meta property=\"og:site_name\" content=\"Akva Stil Fontane\" \/>\n<meta property=\"article:modified_time\" content=\"2019-01-14T07:47:56+00:00\" \/>\n<script type=\"application\/ld+json\" class=\"yoast-schema-graph\">{\"@context\":\"https:\/\/schema.org\",\"@graph\":[{\"@type\":\"WebPage\",\"@id\":\"http:\/\/www.aquastill.co.rs\/blog\/wordpress\/kontakt\/\",\"url\":\"http:\/\/www.aquastill.co.rs\/blog\/wordpress\/kontakt\/\",\"name\":\"Ure\u0111enje dvori\u0161ta Novi Sad - Akva Stil Fontane - Kontakt\",\"isPartOf\":{\"@id\":\"http:\/\/www.aquastill.co.rs\/blog\/wordpress\/#website\"},\"datePublished\":\"2015-03-23T14:27:49+00:00\",\"dateModified\":\"2019-01-14T07:47:56+00:00\",\"description\":\"S.Z.R AKVA STIL FONTANE, Dimitrija Tucovi\u0107a 145a, 21238 \u010curug, Telefon: 021\/835-545, 064\/233-84-81\",\"breadcrumb\":{\"@id\":\"http:\/\/www.aquastill.co.rs\/blog\/wordpress\/kontakt\/#breadcrumb\"},\"inLanguage\":\"en-US\",\"potentialAction\":[{\"@type\":\"ReadAction\",\"target\":[\"http:\/\/www.aquastill.co.rs\/blog\/wordpress\/kontakt\/\"]}]},{\"@type\":\"BreadcrumbList\",\"@id\":\"http:\/\/www.aquastill.co.rs\/blog\/wordpress\/kontakt\/#breadcrumb\",\"itemListElement\":[{\"@type\":\"ListItem\",\"position\":1,\"name\":\"Home\",\"item\":\"http:\/\/www.aquastill.co.rs\/blog\/wordpress\/\"},{\"@type\":\"ListItem\",\"position\":2,\"name\":\"Kontakt\"}]},{\"@type\":\"WebSite\",\"@id\":\"http:\/\/www.aquastill.co.rs\/blog\/wordpress\/#website\",\"url\":\"http:\/\/www.aquastill.co.rs\/blog\/wordpress\/\",\"name\":\"Akva Stil Fontane\",\"description\":\"Ure\u0111enje dvori\u0161ta!\",\"potentialAction\":[{\"@type\":\"SearchAction\",\"target\":{\"@type\":\"EntryPoint\",\"urlTemplate\":\"http:\/\/www.aquastill.co.rs\/blog\/wordpress\/?s={search_term_string}\"},\"query-input\":\"required name=search_term_string\"}],\"inLanguage\":\"en-US\"}]}<\/script>\n<!-- \/ Yoast SEO plugin. -->","yoast_head_json":{"title":"Ure\u0111enje dvori\u0161ta Novi Sad - Akva Stil Fontane - Kontakt","description":"S.Z.R AKVA STIL FONTANE, Dimitrija Tucovi\u0107a 145a, 21238 \u010curug, Telefon: 021\/835-545, 064\/233-84-81","robots":{"index":"index","follow":"follow","max-snippet":"max-snippet:-1","max-image-preview":"max-image-preview:large","max-video-preview":"max-video-preview:-1"},"canonical":"http:\/\/www.aquastill.co.rs\/blog\/wordpress\/kontakt\/","og_locale":"en_US","og_type":"article","og_title":"Ure\u0111enje dvori\u0161ta Novi Sad - Akva Stil Fontane - Kontakt","og_description":"S.Z.R AKVA STIL FONTANE, Dimitrija Tucovi\u0107a 145a, 21238 \u010curug, Telefon: 021\/835-545, 064\/233-84-81","og_url":"http:\/\/www.aquastill.co.rs\/blog\/wordpress\/kontakt\/","og_site_name":"Akva Stil Fontane","article_modified_time":"2019-01-14T07:47:56+00:00","schema":{"@context":"https:\/\/schema.org","@graph":[{"@type":"WebPage","@id":"http:\/\/www.aquastill.co.rs\/blog\/wordpress\/kontakt\/","url":"http:\/\/www.aquastill.co.rs\/blog\/wordpress\/kontakt\/","name":"Ure\u0111enje dvori\u0161ta Novi Sad - Akva Stil Fontane - Kontakt","isPartOf":{"@id":"http:\/\/www.aquastill.co.rs\/blog\/wordpress\/#website"},"datePublished":"2015-03-23T14:27:49+00:00","dateModified":"2019-01-14T07:47:56+00:00","description":"S.Z.R AKVA STIL FONTANE, Dimitrija Tucovi\u0107a 145a, 21238 \u010curug, Telefon: 021\/835-545, 064\/233-84-81","breadcrumb":{"@id":"http:\/\/www.aquastill.co.rs\/blog\/wordpress\/kontakt\/#breadcrumb"},"inLanguage":"en-US","potentialAction":[{"@type":"ReadAction","target":["http:\/\/www.aquastill.co.rs\/blog\/wordpress\/kontakt\/"]}]},{"@type":"BreadcrumbList","@id":"http:\/\/www.aquastill.co.rs\/blog\/wordpress\/kontakt\/#breadcrumb","itemListElement":[{"@type":"ListItem","position":1,"name":"Home","item":"http:\/\/www.aquastill.co.rs\/blog\/wordpress\/"},{"@type":"ListItem","position":2,"name":"Kontakt"}]},{"@type":"WebSite","@id":"http:\/\/www.aquastill.co.rs\/blog\/wordpress\/#website","url":"http:\/\/www.aquastill.co.rs\/blog\/wordpress\/","name":"Akva Stil Fontane","description":"Ure\u0111enje dvori\u0161ta!","potentialAction":[{"@type":"SearchAction","target":{"@type":"EntryPoint","urlTemplate":"http:\/\/www.aquastill.co.rs\/blog\/wordpress\/?s={search_term_string}"},"query-input":"required name=search_term_string"}],"inLanguage":"en-US"}]}},"_links":{"self":[{"href":"http:\/\/www.aquastill.co.rs\/blog\/wordpress\/wp-json\/wp\/v2\/pages\/668"}],"collection":[{"href":"http:\/\/www.aquastill.co.rs\/blog\/wordpress\/wp-json\/wp\/v2\/pages"}],"about":[{"href":"http:\/\/www.aquastill.co.rs\/blog\/wordpress\/wp-json\/wp\/v2\/types\/page"}],"author":[{"embeddable":true,"href":"http:\/\/www.aquastill.co.rs\/blog\/wordpress\/wp-json\/wp\/v2\/users\/1"}],"replies":[{"embeddable":true,"href":"http:\/\/www.aquastill.co.rs\/blog\/wordpress\/wp-json\/wp\/v2\/comments?post=668"}],"version-history":[{"count":18,"href":"http:\/\/www.aquastill.co.rs\/blog\/wordpress\/wp-json\/wp\/v2\/pages\/668\/revisions"}],"predecessor-version":[{"id":953,"href":"http:\/\/www.aquastill.co.rs\/blog\/wordpress\/wp-json\/wp\/v2\/pages\/668\/revisions\/953"}],"wp:attachment":[{"href":"http:\/\/www.aquastill.co.rs\/blog\/wordpress\/wp-json\/wp\/v2\/media?parent=668"}],"curies":[{"name":"wp","href":"https:\/\/api.w.org\/{rel}","templated":true}]}}