{"id":175,"date":"2015-02-20T16:19:25","date_gmt":"2015-02-20T16:19:25","guid":{"rendered":"http:\/\/www.aquastill.co.rs\/blog\/wordpress\/?page_id=175"},"modified":"2018-12-11T08:29:02","modified_gmt":"2018-12-11T07:29:02","slug":"landing-page","status":"publish","type":"page","link":"https:\/\/www.aquastill.co.rs\/blog\/wordpress\/","title":{"rendered":"Po\u010detna"},"content":{"rendered":"","protected":false},"excerpt":{"rendered":"","protected":false},"author":1,"featured_media":0,"parent":0,"menu_order":0,"comment_status":"open","ping_status":"open","template":"landingpage.php","meta":{"sfsi_plus_gutenberg_text_before_share":"","sfsi_plus_gutenberg_show_text_before_share":"","sfsi_plus_gutenberg_icon_type":"","sfsi_plus_gutenberg_icon_alignemt":"","sfsi_plus_gutenburg_max_per_row":"","footnotes":""},"yoast_head":"<!-- This site is optimized with the Yoast SEO plugin v22.2 - https:\/\/yoast.com\/wordpress\/plugins\/seo\/ -->\n<title>Fontane prodaja - Novi Sad - Akva Stil Fontane<\/title>\n<meta name=\"description\" content=\"U realizaciji izrada fontane aktivno su uklju\u010deni stru\u010dnjaci iz oblasti gra\u0111evine, arhitekture pejza\u017ea i hortikulture. Novi Sad, Telefon: 021\/6935-545...\" \/>\n<meta name=\"robots\" content=\"index, follow, max-snippet:-1, max-image-preview:large, max-video-preview:-1\" \/>\n<link rel=\"canonical\" href=\"http:\/\/www.aquastill.co.rs\/blog\/wordpress\/\" \/>\n<meta property=\"og:locale\" content=\"en_US\" \/>\n<meta property=\"og:type\" content=\"article\" \/>\n<meta property=\"og:title\" content=\"Fontane prodaja - Novi Sad - Akva Stil Fontane\" \/>\n<meta property=\"og:description\" content=\"U realizaciji izrada fontane aktivno su uklju\u010deni stru\u010dnjaci iz oblasti gra\u0111evine, arhitekture pejza\u017ea i hortikulture. Novi Sad, Telefon: 021\/6935-545...\" \/>\n<meta property=\"og:url\" content=\"http:\/\/www.aquastill.co.rs\/blog\/wordpress\/\" \/>\n<meta property=\"og:site_name\" content=\"Akva Stil Fontane\" \/>\n<meta property=\"article:modified_time\" content=\"2018-12-11T07:29:02+00:00\" \/>\n<script type=\"application\/ld+json\" class=\"yoast-schema-graph\">{\"@context\":\"https:\/\/schema.org\",\"@graph\":[{\"@type\":\"WebPage\",\"@id\":\"http:\/\/www.aquastill.co.rs\/blog\/wordpress\/\",\"url\":\"http:\/\/www.aquastill.co.rs\/blog\/wordpress\/\",\"name\":\"Fontane prodaja - Novi Sad - Akva Stil Fontane\",\"isPartOf\":{\"@id\":\"http:\/\/www.aquastill.co.rs\/blog\/wordpress\/#website\"},\"datePublished\":\"2015-02-20T16:19:25+00:00\",\"dateModified\":\"2018-12-11T07:29:02+00:00\",\"description\":\"U realizaciji izrada fontane aktivno su uklju\u010deni stru\u010dnjaci iz oblasti gra\u0111evine, arhitekture pejza\u017ea i hortikulture. Novi Sad, Telefon: 021\/6935-545...\",\"breadcrumb\":{\"@id\":\"http:\/\/www.aquastill.co.rs\/blog\/wordpress\/#breadcrumb\"},\"inLanguage\":\"en-US\",\"potentialAction\":[{\"@type\":\"ReadAction\",\"target\":[\"http:\/\/www.aquastill.co.rs\/blog\/wordpress\/\"]}]},{\"@type\":\"BreadcrumbList\",\"@id\":\"http:\/\/www.aquastill.co.rs\/blog\/wordpress\/#breadcrumb\",\"itemListElement\":[{\"@type\":\"ListItem\",\"position\":1,\"name\":\"Home\",\"item\":\"http:\/\/www.aquastill.co.rs\/blog\/wordpress\/\"},{\"@type\":\"ListItem\",\"position\":2,\"name\":\"Po\u010detna\"}]},{\"@type\":\"WebSite\",\"@id\":\"http:\/\/www.aquastill.co.rs\/blog\/wordpress\/#website\",\"url\":\"http:\/\/www.aquastill.co.rs\/blog\/wordpress\/\",\"name\":\"Akva Stil Fontane\",\"description\":\"Ure\u0111enje dvori\u0161ta!\",\"potentialAction\":[{\"@type\":\"SearchAction\",\"target\":{\"@type\":\"EntryPoint\",\"urlTemplate\":\"http:\/\/www.aquastill.co.rs\/blog\/wordpress\/?s={search_term_string}\"},\"query-input\":\"required name=search_term_string\"}],\"inLanguage\":\"en-US\"}]}<\/script>\n<!-- \/ Yoast SEO plugin. -->","yoast_head_json":{"title":"Fontane prodaja - Novi Sad - Akva Stil Fontane","description":"U realizaciji izrada fontane aktivno su uklju\u010deni stru\u010dnjaci iz oblasti gra\u0111evine, arhitekture pejza\u017ea i hortikulture. Novi Sad, Telefon: 021\/6935-545...","robots":{"index":"index","follow":"follow","max-snippet":"max-snippet:-1","max-image-preview":"max-image-preview:large","max-video-preview":"max-video-preview:-1"},"canonical":"http:\/\/www.aquastill.co.rs\/blog\/wordpress\/","og_locale":"en_US","og_type":"article","og_title":"Fontane prodaja - Novi Sad - Akva Stil Fontane","og_description":"U realizaciji izrada fontane aktivno su uklju\u010deni stru\u010dnjaci iz oblasti gra\u0111evine, arhitekture pejza\u017ea i hortikulture. Novi Sad, Telefon: 021\/6935-545...","og_url":"http:\/\/www.aquastill.co.rs\/blog\/wordpress\/","og_site_name":"Akva Stil Fontane","article_modified_time":"2018-12-11T07:29:02+00:00","schema":{"@context":"https:\/\/schema.org","@graph":[{"@type":"WebPage","@id":"http:\/\/www.aquastill.co.rs\/blog\/wordpress\/","url":"http:\/\/www.aquastill.co.rs\/blog\/wordpress\/","name":"Fontane prodaja - Novi Sad - Akva Stil Fontane","isPartOf":{"@id":"http:\/\/www.aquastill.co.rs\/blog\/wordpress\/#website"},"datePublished":"2015-02-20T16:19:25+00:00","dateModified":"2018-12-11T07:29:02+00:00","description":"U realizaciji izrada fontane aktivno su uklju\u010deni stru\u010dnjaci iz oblasti gra\u0111evine, arhitekture pejza\u017ea i hortikulture. Novi Sad, Telefon: 021\/6935-545...","breadcrumb":{"@id":"http:\/\/www.aquastill.co.rs\/blog\/wordpress\/#breadcrumb"},"inLanguage":"en-US","potentialAction":[{"@type":"ReadAction","target":["http:\/\/www.aquastill.co.rs\/blog\/wordpress\/"]}]},{"@type":"BreadcrumbList","@id":"http:\/\/www.aquastill.co.rs\/blog\/wordpress\/#breadcrumb","itemListElement":[{"@type":"ListItem","position":1,"name":"Home","item":"http:\/\/www.aquastill.co.rs\/blog\/wordpress\/"},{"@type":"ListItem","position":2,"name":"Po\u010detna"}]},{"@type":"WebSite","@id":"http:\/\/www.aquastill.co.rs\/blog\/wordpress\/#website","url":"http:\/\/www.aquastill.co.rs\/blog\/wordpress\/","name":"Akva Stil Fontane","description":"Ure\u0111enje dvori\u0161ta!","potentialAction":[{"@type":"SearchAction","target":{"@type":"EntryPoint","urlTemplate":"http:\/\/www.aquastill.co.rs\/blog\/wordpress\/?s={search_term_string}"},"query-input":"required name=search_term_string"}],"inLanguage":"en-US"}]}},"_links":{"self":[{"href":"https:\/\/www.aquastill.co.rs\/blog\/wordpress\/wp-json\/wp\/v2\/pages\/175"}],"collection":[{"href":"https:\/\/www.aquastill.co.rs\/blog\/wordpress\/wp-json\/wp\/v2\/pages"}],"about":[{"href":"https:\/\/www.aquastill.co.rs\/blog\/wordpress\/wp-json\/wp\/v2\/types\/page"}],"author":[{"embeddable":true,"href":"https:\/\/www.aquastill.co.rs\/blog\/wordpress\/wp-json\/wp\/v2\/users\/1"}],"replies":[{"embeddable":true,"href":"https:\/\/www.aquastill.co.rs\/blog\/wordpress\/wp-json\/wp\/v2\/comments?post=175"}],"version-history":[{"count":3,"href":"https:\/\/www.aquastill.co.rs\/blog\/wordpress\/wp-json\/wp\/v2\/pages\/175\/revisions"}],"predecessor-version":[{"id":754,"href":"https:\/\/www.aquastill.co.rs\/blog\/wordpress\/wp-json\/wp\/v2\/pages\/175\/revisions\/754"}],"wp:attachment":[{"href":"https:\/\/www.aquastill.co.rs\/blog\/wordpress\/wp-json\/wp\/v2\/media?parent=175"}],"curies":[{"name":"wp","href":"https:\/\/api.w.org\/{rel}","templated":true}]}}