{"id":272,"date":"2015-02-22T15:10:39","date_gmt":"2015-02-22T15:10:39","guid":{"rendered":"http:\/\/www.aquastill.co.rs\/blog\/wordpress\/?page_id=272"},"modified":"2017-06-20T21:13:08","modified_gmt":"2017-06-20T20:13:08","slug":"fontane-za-dvorista","status":"publish","type":"page","link":"https:\/\/www.aquastill.co.rs\/blog\/wordpress\/fontane-za-dvorista\/","title":{"rendered":"Fontane za dvoriste"},"content":{"rendered":"<h3><span style=\"font-family: arial, helvetica, sans-serif;\">Fontane, jezera, potoci, vodopadi i vrtni ribnjaci su spoljne vodene povr\u0161ine iz na\u0161eg proizvodnog programa.<\/span><\/h3>\n<h3><span style=\"font-family: arial, helvetica, sans-serif;\">Osnovna podela spoljnih vodenih povr\u0161ina podrazumeva dva tipa:<\/span><\/h3>\n<ol>\n<li>\n<h3><span style=\"font-family: arial, helvetica, sans-serif;\">Geometrijski (urbani)<\/span><\/h3>\n<\/li>\n<li>\n<h3><span style=\"font-family: arial, helvetica, sans-serif;\">Pejza\u017eni (prirodni)<\/span><\/h3>\n<\/li>\n<\/ol>\n<h3><span style=\"font-family: arial, helvetica, sans-serif;\">Izgradnja se vr\u0161i na vi\u0161e na\u010dina u zavisnosti od \u017eelja, uslova, potreba i mogu\u0107nosti.<\/span><\/h3>\n<h3><span style=\"font-family: arial, helvetica, sans-serif;\">Tip, vrstu, oblik, veli\u010dinu, na\u010din izgradnje, prate\u0107e efekte, zelenilo i uslove dogovaramo nakon izlaska na teren koji je besplatan.<\/span><\/h3>\n<h3><span style=\"font-family: arial, helvetica, sans-serif;\">Sama realizacija u proseku traje od 3 do 7 dana u zavisnosti od vremenskih uslova.<\/span><\/h3>\n<h3><span style=\"font-family: arial, helvetica, sans-serif;\">Servis obezbe\u0111en, garancija 2 godine.<\/span><\/h3>\n<h3><span style=\"font-family: arial, helvetica, sans-serif;\">Ukoliko vas interesuju saveti, detalji i sli\u010dno, pozovite na 064 233 84 81<\/span><\/h3>\n<hr \/>\n<p>&nbsp;<\/p>\n<!--Start of Screenshots Gallery-->\r\n<section id=\"section_gallery_1\" class=\"section_gallery block\">\r\n\t<h2>Take a look at our screenshots<\/h2>\n\t                <a href=\"http:\/\/demos.shapingrain.com\/justlandedwp\/wp-content\/uploads\/sites\/3\/2013\/03\/1.jpg\" class=\"screenshot\" title=\"This is the first screenshot.\"><img loading=\"lazy\" decoding=\"async\" src=\"http:\/\/demos.shapingrain.com\/justlandedwp\/wp-content\/uploads\/sites\/3\/2013\/03\/1.jpg\" height=\"95\" width=\"140\" alt=\"Screenshot 1\" title=\"Screenshot 1\"\/><\/a>\r\n                        <a href=\"http:\/\/demos.shapingrain.com\/justlandedwp\/wp-content\/uploads\/sites\/3\/2013\/03\/2.jpg\" class=\"screenshot\" title=\"Here comes another one.\"><img loading=\"lazy\" decoding=\"async\" src=\"http:\/\/demos.shapingrain.com\/justlandedwp\/wp-content\/uploads\/sites\/3\/2013\/03\/2.jpg\" height=\"95\" width=\"140\" alt=\"Screenshot 2\" title=\"Screenshot 2\"\/><\/a>\r\n                        <a href=\"http:\/\/demos.shapingrain.com\/justlandedwp\/wp-content\/uploads\/sites\/3\/2013\/03\/3.jpg\" class=\"screenshot\" title=\"And here's another one!\"><img loading=\"lazy\" decoding=\"async\" src=\"http:\/\/demos.shapingrain.com\/justlandedwp\/wp-content\/uploads\/sites\/3\/2013\/03\/3.jpg\" height=\"95\" width=\"140\" alt=\"Screenshot 3\" title=\"Screenshot 3\"\/><\/a>\r\n                        <a href=\"http:\/\/demos.shapingrain.com\/justlandedwp\/wp-content\/uploads\/sites\/3\/2013\/03\/4.jpg\" class=\"screenshot\" title=\"Imagine your very own screenshot here.\"><img loading=\"lazy\" decoding=\"async\" src=\"http:\/\/demos.shapingrain.com\/justlandedwp\/wp-content\/uploads\/sites\/3\/2013\/03\/4.jpg\" height=\"95\" width=\"140\" alt=\"Screenshot 4\" title=\"Screenshot 4\"\/><\/a>\r\n                        <a href=\"http:\/\/demos.shapingrain.com\/justlandedwp\/wp-content\/uploads\/sites\/3\/2013\/03\/5.jpg\" class=\"screenshot\" title=\"You can add as many screenshots as you like.\"><img loading=\"lazy\" decoding=\"async\" src=\"http:\/\/demos.shapingrain.com\/justlandedwp\/wp-content\/uploads\/sites\/3\/2013\/03\/5.jpg\" height=\"95\" width=\"140\" alt=\"Screenshot 5\" title=\"Screenshot 5\"\/><\/a>\r\n                        <a href=\"http:\/\/demos.shapingrain.com\/justlandedwp\/wp-content\/uploads\/sites\/3\/2013\/03\/6.jpg\" class=\"screenshot\" title=\"That's all folks!\"><img loading=\"lazy\" decoding=\"async\" src=\"http:\/\/demos.shapingrain.com\/justlandedwp\/wp-content\/uploads\/sites\/3\/2013\/03\/6.jpg\" height=\"95\" width=\"140\" alt=\"Screenshot 6\" title=\"Screenshot 6\" class=\"last\"\/><\/a>\r\n            <\/section>\r\n<!--End of Screenshots Gallery-->\n<!--Start of Newsletter -->\n<aside  id=\"section_newsletter_1\" class=\"section_newsletter block\">\n    <div class=\"newsletter\">\n        <div class=\"newsletter_inner\">\n            <h2>Join our newsletter for exclusive deals<\/h2>\n            <!--Start of Newsletter (AWeber)-->\r\n    <form method=\"post\" class=\"af-form-wrapper\" action=\"http:\/\/www.aweber.com\/scripts\/addlead.pl\"  >\r\n        <input type=\"hidden\" name=\"meta_web_form_id\" value=\"\" \/>        <input type=\"hidden\" name=\"meta_split_id\" value=\"\" \/>        <input type=\"hidden\" name=\"listname\" value=\"\" \/>        <input type=\"hidden\" name=\"redirect\" value=\"\" \/>        <input type=\"hidden\" name=\"meta_redirect_onlist\" value=\"\" \/>        <input type=\"hidden\" name=\"meta_adtracking\" value=\"My_Web_Form\" \/>        <input type=\"hidden\" name=\"meta_message\" value=\"1\" \/>        <input type=\"hidden\" name=\"meta_required\" value=\"email\" \/>\r\n        <input type=\"hidden\" name=\"meta_tooltip\" value=\"\" \/>\r\n        <input type=\"text\" name=\"email\" class=\"email\" value=\"Your email address\" onBlur=\"if(this.value == '') { this.value = 'Your email address'; }\" onFocus=\"if(this.value == 'Your email address') { this.value = ''; }\" \/>        <input class=\"submit gradient\" type=\"submit\" value=\"Subscribe\" name=\"submit\" \/>\r\n    <\/form>\r\n    <!--End of Newsletter-->        <\/div>\n    <\/div>\n<\/aside>\n<!--End of Newsletter-->\n<p>&nbsp;<\/p>\n","protected":false},"excerpt":{"rendered":"<p>Fontane, jezera, potoci, vodopadi i vrtni ribnjaci su spoljne vodene povr\u0161ine iz na\u0161eg proizvodnog programa. Osnovna podela spoljnih vodenih povr\u0161ina podrazumeva dva tipa: Geometrijski (urbani) Pejza\u017eni (prirodni) Izgradnja se vr\u0161i na vi\u0161e na\u010dina u zavisnosti od \u017eelja, uslova, potreba i mogu\u0107nosti. Tip, vrstu, oblik, veli\u010dinu, na\u010din izgradnje, prate\u0107e efekte, zelenilo i uslove dogovaramo nakon izlaska [&hellip;]<\/p>\n","protected":false},"author":1,"featured_media":0,"parent":0,"menu_order":0,"comment_status":"closed","ping_status":"open","template":"page-with-banner.php","meta":{"sfsi_plus_gutenberg_text_before_share":"","sfsi_plus_gutenberg_show_text_before_share":"","sfsi_plus_gutenberg_icon_type":"","sfsi_plus_gutenberg_icon_alignemt":"","sfsi_plus_gutenburg_max_per_row":"","footnotes":""},"yoast_head":"<!-- This site is optimized with the Yoast SEO plugin v22.2 - https:\/\/yoast.com\/wordpress\/plugins\/seo\/ -->\n<title>Fontane za dvori\u0161ta - Akva Stil Fontane - Novi Sad<\/title>\n<meta name=\"description\" content=\"Izra\u0111ujemo fontane za dvori\u0161ta, potoke, jezera, vrtne ribnjake. Izrada od 3 do 7 dana, garancija i servis dve godine. Novi Sad , Tel:021\/833-545\" \/>\n<meta name=\"robots\" content=\"index, follow, max-snippet:-1, max-image-preview:large, max-video-preview:-1\" \/>\n<link rel=\"canonical\" href=\"http:\/\/www.aquastill.co.rs\/blog\/wordpress\/fontane-za-dvorista\/\" \/>\n<meta property=\"og:locale\" content=\"en_US\" \/>\n<meta property=\"og:type\" content=\"article\" \/>\n<meta property=\"og:title\" content=\"Fontane za dvori\u0161ta - Akva Stil Fontane - Novi Sad\" \/>\n<meta property=\"og:description\" content=\"Izra\u0111ujemo fontane za dvori\u0161ta, potoke, jezera, vrtne ribnjake. Izrada od 3 do 7 dana, garancija i servis dve godine. Novi Sad , Tel:021\/833-545\" \/>\n<meta property=\"og:url\" content=\"http:\/\/www.aquastill.co.rs\/blog\/wordpress\/fontane-za-dvorista\/\" \/>\n<meta property=\"og:site_name\" content=\"Akva Stil Fontane\" \/>\n<meta property=\"article:modified_time\" content=\"2017-06-20T20:13:08+00:00\" \/>\n<meta name=\"twitter:label1\" content=\"Est. reading time\" \/>\n\t<meta name=\"twitter:data1\" content=\"1 minute\" \/>\n<script type=\"application\/ld+json\" class=\"yoast-schema-graph\">{\"@context\":\"https:\/\/schema.org\",\"@graph\":[{\"@type\":\"WebPage\",\"@id\":\"http:\/\/www.aquastill.co.rs\/blog\/wordpress\/fontane-za-dvorista\/\",\"url\":\"http:\/\/www.aquastill.co.rs\/blog\/wordpress\/fontane-za-dvorista\/\",\"name\":\"Fontane za dvori\u0161ta - Akva Stil Fontane - Novi Sad\",\"isPartOf\":{\"@id\":\"http:\/\/www.aquastill.co.rs\/blog\/wordpress\/#website\"},\"datePublished\":\"2015-02-22T15:10:39+00:00\",\"dateModified\":\"2017-06-20T20:13:08+00:00\",\"description\":\"Izra\u0111ujemo fontane za dvori\u0161ta, potoke, jezera, vrtne ribnjake. Izrada od 3 do 7 dana, garancija i servis dve godine. Novi Sad , Tel:021\/833-545\",\"breadcrumb\":{\"@id\":\"http:\/\/www.aquastill.co.rs\/blog\/wordpress\/fontane-za-dvorista\/#breadcrumb\"},\"inLanguage\":\"en-US\",\"potentialAction\":[{\"@type\":\"ReadAction\",\"target\":[\"http:\/\/www.aquastill.co.rs\/blog\/wordpress\/fontane-za-dvorista\/\"]}]},{\"@type\":\"BreadcrumbList\",\"@id\":\"http:\/\/www.aquastill.co.rs\/blog\/wordpress\/fontane-za-dvorista\/#breadcrumb\",\"itemListElement\":[{\"@type\":\"ListItem\",\"position\":1,\"name\":\"Home\",\"item\":\"http:\/\/www.aquastill.co.rs\/blog\/wordpress\/\"},{\"@type\":\"ListItem\",\"position\":2,\"name\":\"Fontane za dvoriste\"}]},{\"@type\":\"WebSite\",\"@id\":\"http:\/\/www.aquastill.co.rs\/blog\/wordpress\/#website\",\"url\":\"http:\/\/www.aquastill.co.rs\/blog\/wordpress\/\",\"name\":\"Akva Stil Fontane\",\"description\":\"Ure\u0111enje dvori\u0161ta!\",\"potentialAction\":[{\"@type\":\"SearchAction\",\"target\":{\"@type\":\"EntryPoint\",\"urlTemplate\":\"http:\/\/www.aquastill.co.rs\/blog\/wordpress\/?s={search_term_string}\"},\"query-input\":\"required name=search_term_string\"}],\"inLanguage\":\"en-US\"}]}<\/script>\n<!-- \/ Yoast SEO plugin. -->","yoast_head_json":{"title":"Fontane za dvori\u0161ta - Akva Stil Fontane - Novi Sad","description":"Izra\u0111ujemo fontane za dvori\u0161ta, potoke, jezera, vrtne ribnjake. Izrada od 3 do 7 dana, garancija i servis dve godine. Novi Sad , Tel:021\/833-545","robots":{"index":"index","follow":"follow","max-snippet":"max-snippet:-1","max-image-preview":"max-image-preview:large","max-video-preview":"max-video-preview:-1"},"canonical":"http:\/\/www.aquastill.co.rs\/blog\/wordpress\/fontane-za-dvorista\/","og_locale":"en_US","og_type":"article","og_title":"Fontane za dvori\u0161ta - Akva Stil Fontane - Novi Sad","og_description":"Izra\u0111ujemo fontane za dvori\u0161ta, potoke, jezera, vrtne ribnjake. Izrada od 3 do 7 dana, garancija i servis dve godine. Novi Sad , Tel:021\/833-545","og_url":"http:\/\/www.aquastill.co.rs\/blog\/wordpress\/fontane-za-dvorista\/","og_site_name":"Akva Stil Fontane","article_modified_time":"2017-06-20T20:13:08+00:00","twitter_misc":{"Est. reading time":"1 minute"},"schema":{"@context":"https:\/\/schema.org","@graph":[{"@type":"WebPage","@id":"http:\/\/www.aquastill.co.rs\/blog\/wordpress\/fontane-za-dvorista\/","url":"http:\/\/www.aquastill.co.rs\/blog\/wordpress\/fontane-za-dvorista\/","name":"Fontane za dvori\u0161ta - Akva Stil Fontane - Novi Sad","isPartOf":{"@id":"http:\/\/www.aquastill.co.rs\/blog\/wordpress\/#website"},"datePublished":"2015-02-22T15:10:39+00:00","dateModified":"2017-06-20T20:13:08+00:00","description":"Izra\u0111ujemo fontane za dvori\u0161ta, potoke, jezera, vrtne ribnjake. Izrada od 3 do 7 dana, garancija i servis dve godine. Novi Sad , Tel:021\/833-545","breadcrumb":{"@id":"http:\/\/www.aquastill.co.rs\/blog\/wordpress\/fontane-za-dvorista\/#breadcrumb"},"inLanguage":"en-US","potentialAction":[{"@type":"ReadAction","target":["http:\/\/www.aquastill.co.rs\/blog\/wordpress\/fontane-za-dvorista\/"]}]},{"@type":"BreadcrumbList","@id":"http:\/\/www.aquastill.co.rs\/blog\/wordpress\/fontane-za-dvorista\/#breadcrumb","itemListElement":[{"@type":"ListItem","position":1,"name":"Home","item":"http:\/\/www.aquastill.co.rs\/blog\/wordpress\/"},{"@type":"ListItem","position":2,"name":"Fontane za dvoriste"}]},{"@type":"WebSite","@id":"http:\/\/www.aquastill.co.rs\/blog\/wordpress\/#website","url":"http:\/\/www.aquastill.co.rs\/blog\/wordpress\/","name":"Akva Stil Fontane","description":"Ure\u0111enje dvori\u0161ta!","potentialAction":[{"@type":"SearchAction","target":{"@type":"EntryPoint","urlTemplate":"http:\/\/www.aquastill.co.rs\/blog\/wordpress\/?s={search_term_string}"},"query-input":"required name=search_term_string"}],"inLanguage":"en-US"}]}},"_links":{"self":[{"href":"https:\/\/www.aquastill.co.rs\/blog\/wordpress\/wp-json\/wp\/v2\/pages\/272"}],"collection":[{"href":"https:\/\/www.aquastill.co.rs\/blog\/wordpress\/wp-json\/wp\/v2\/pages"}],"about":[{"href":"https:\/\/www.aquastill.co.rs\/blog\/wordpress\/wp-json\/wp\/v2\/types\/page"}],"author":[{"embeddable":true,"href":"https:\/\/www.aquastill.co.rs\/blog\/wordpress\/wp-json\/wp\/v2\/users\/1"}],"replies":[{"embeddable":true,"href":"https:\/\/www.aquastill.co.rs\/blog\/wordpress\/wp-json\/wp\/v2\/comments?post=272"}],"version-history":[{"count":17,"href":"https:\/\/www.aquastill.co.rs\/blog\/wordpress\/wp-json\/wp\/v2\/pages\/272\/revisions"}],"predecessor-version":[{"id":853,"href":"https:\/\/www.aquastill.co.rs\/blog\/wordpress\/wp-json\/wp\/v2\/pages\/272\/revisions\/853"}],"wp:attachment":[{"href":"https:\/\/www.aquastill.co.rs\/blog\/wordpress\/wp-json\/wp\/v2\/media?parent=272"}],"curies":[{"name":"wp","href":"https:\/\/api.w.org\/{rel}","templated":true}]}}