{"id":327,"date":"2015-02-22T16:02:29","date_gmt":"2015-02-22T16:02:29","guid":{"rendered":"http:\/\/www.aquastill.co.rs\/blog\/wordpress\/?page_id=327"},"modified":"2015-03-26T13:23:42","modified_gmt":"2015-03-26T13:23:42","slug":"prirodni-kamen","status":"publish","type":"page","link":"https:\/\/www.aquastill.co.rs\/blog\/wordpress\/prirodni-kamen\/","title":{"rendered":"Prirodni kamen"},"content":{"rendered":"<h3><span style=\"font-family: arial, helvetica, sans-serif;\">Poplo\u010davanje svim vrstama kamena.<\/span><\/h3>\n<h3><span style=\"font-family: arial, helvetica, sans-serif;\">Potpuno ili delimi\u010dno oblaganje zidova prirodnim kamenom.<\/span><\/h3>\n<h3><span style=\"font-family: arial, helvetica, sans-serif;\">Saveti, odr\u017eavanje, za\u0161tita.<\/span><\/h3>\n<hr \/>\n<p style=\"text-align: center;\"><!--Start of Screenshots Gallery-->\r\n<section id=\"section_gallery_1\" class=\"section_gallery block\">\r\n\t<h2>Take a look at our screenshots<\/h2>\n\t                <a href=\"http:\/\/demos.shapingrain.com\/justlandedwp\/wp-content\/uploads\/sites\/3\/2013\/03\/1.jpg\" class=\"screenshot\" title=\"This is the first screenshot.\"><img loading=\"lazy\" decoding=\"async\" src=\"http:\/\/demos.shapingrain.com\/justlandedwp\/wp-content\/uploads\/sites\/3\/2013\/03\/1.jpg\" height=\"95\" width=\"140\" alt=\"Screenshot 1\" title=\"Screenshot 1\"\/><\/a>\r\n                        <a href=\"http:\/\/demos.shapingrain.com\/justlandedwp\/wp-content\/uploads\/sites\/3\/2013\/03\/2.jpg\" class=\"screenshot\" title=\"Here comes another one.\"><img loading=\"lazy\" decoding=\"async\" src=\"http:\/\/demos.shapingrain.com\/justlandedwp\/wp-content\/uploads\/sites\/3\/2013\/03\/2.jpg\" height=\"95\" width=\"140\" alt=\"Screenshot 2\" title=\"Screenshot 2\"\/><\/a>\r\n                        <a href=\"http:\/\/demos.shapingrain.com\/justlandedwp\/wp-content\/uploads\/sites\/3\/2013\/03\/3.jpg\" class=\"screenshot\" title=\"And here's another one!\"><img loading=\"lazy\" decoding=\"async\" src=\"http:\/\/demos.shapingrain.com\/justlandedwp\/wp-content\/uploads\/sites\/3\/2013\/03\/3.jpg\" height=\"95\" width=\"140\" alt=\"Screenshot 3\" title=\"Screenshot 3\"\/><\/a>\r\n                        <a href=\"http:\/\/demos.shapingrain.com\/justlandedwp\/wp-content\/uploads\/sites\/3\/2013\/03\/4.jpg\" class=\"screenshot\" title=\"Imagine your very own screenshot here.\"><img loading=\"lazy\" decoding=\"async\" src=\"http:\/\/demos.shapingrain.com\/justlandedwp\/wp-content\/uploads\/sites\/3\/2013\/03\/4.jpg\" height=\"95\" width=\"140\" alt=\"Screenshot 4\" title=\"Screenshot 4\"\/><\/a>\r\n                        <a href=\"http:\/\/demos.shapingrain.com\/justlandedwp\/wp-content\/uploads\/sites\/3\/2013\/03\/5.jpg\" class=\"screenshot\" title=\"You can add as many screenshots as you like.\"><img loading=\"lazy\" decoding=\"async\" src=\"http:\/\/demos.shapingrain.com\/justlandedwp\/wp-content\/uploads\/sites\/3\/2013\/03\/5.jpg\" height=\"95\" width=\"140\" alt=\"Screenshot 5\" title=\"Screenshot 5\"\/><\/a>\r\n                        <a href=\"http:\/\/demos.shapingrain.com\/justlandedwp\/wp-content\/uploads\/sites\/3\/2013\/03\/6.jpg\" class=\"screenshot\" title=\"That's all folks!\"><img loading=\"lazy\" decoding=\"async\" src=\"http:\/\/demos.shapingrain.com\/justlandedwp\/wp-content\/uploads\/sites\/3\/2013\/03\/6.jpg\" height=\"95\" width=\"140\" alt=\"Screenshot 6\" title=\"Screenshot 6\" class=\"last\"\/><\/a>\r\n            <\/section>\r\n<!--End of Screenshots Gallery-->\n<p style=\"text-align: center;\"><!--Start of Newsletter -->\n<aside  id=\"section_newsletter_1\" class=\"section_newsletter block\">\n    <div class=\"newsletter\">\n        <div class=\"newsletter_inner\">\n            <h2>Join our newsletter for exclusive deals<\/h2>\n            <!--Start of Newsletter (AWeber)-->\r\n    <form method=\"post\" class=\"af-form-wrapper\" action=\"http:\/\/www.aweber.com\/scripts\/addlead.pl\"  >\r\n        <input type=\"hidden\" name=\"meta_web_form_id\" value=\"\" \/>        <input type=\"hidden\" name=\"meta_split_id\" value=\"\" \/>        <input type=\"hidden\" name=\"listname\" value=\"\" \/>        <input type=\"hidden\" name=\"redirect\" value=\"\" \/>        <input type=\"hidden\" name=\"meta_redirect_onlist\" value=\"\" \/>        <input type=\"hidden\" name=\"meta_adtracking\" value=\"My_Web_Form\" \/>        <input type=\"hidden\" name=\"meta_message\" value=\"1\" \/>        <input type=\"hidden\" name=\"meta_required\" value=\"email\" \/>\r\n        <input type=\"hidden\" name=\"meta_tooltip\" value=\"\" \/>\r\n        <input type=\"text\" name=\"email\" class=\"email\" value=\"Your email address\" onBlur=\"if(this.value == '') { this.value = 'Your email address'; }\" onFocus=\"if(this.value == 'Your email address') { this.value = ''; }\" \/>        <input class=\"submit gradient\" type=\"submit\" value=\"Subscribe\" name=\"submit\" \/>\r\n    <\/form>\r\n    <!--End of Newsletter-->        <\/div>\n    <\/div>\n<\/aside>\n<!--End of Newsletter-->\n","protected":false},"excerpt":{"rendered":"<p>Poplo\u010davanje svim vrstama kamena. Potpuno ili delimi\u010dno oblaganje zidova prirodnim kamenom. Saveti, odr\u017eavanje, za\u0161tita.<\/p>\n","protected":false},"author":1,"featured_media":0,"parent":0,"menu_order":0,"comment_status":"closed","ping_status":"open","template":"page-with-banner.php","meta":{"sfsi_plus_gutenberg_text_before_share":"","sfsi_plus_gutenberg_show_text_before_share":"","sfsi_plus_gutenberg_icon_type":"","sfsi_plus_gutenberg_icon_alignemt":"","sfsi_plus_gutenburg_max_per_row":"","footnotes":""},"yoast_head":"<!-- This site is optimized with the Yoast SEO plugin v22.2 - https:\/\/yoast.com\/wordpress\/plugins\/seo\/ -->\n<title>Prirodni kamen - Akva Stil Fontane - Novi Sad<\/title>\n<meta name=\"description\" content=\"Ograde od prirodnog kamena. Poplo\u010davanje svim vrstama kamena.Potpuno ili delimi\u010dno oblaganje zidova prirodnim kamenom.Kamene staze Saveti, odr\u017eavanje, za\u0161tita.\" \/>\n<meta name=\"robots\" content=\"index, follow, max-snippet:-1, max-image-preview:large, max-video-preview:-1\" \/>\n<link rel=\"canonical\" href=\"http:\/\/www.aquastill.co.rs\/blog\/wordpress\/prirodni-kamen\/\" \/>\n<meta property=\"og:locale\" content=\"en_US\" \/>\n<meta property=\"og:type\" content=\"article\" \/>\n<meta property=\"og:title\" content=\"Prirodni kamen - Akva Stil Fontane - Novi Sad\" \/>\n<meta property=\"og:description\" content=\"Ograde od prirodnog kamena. Poplo\u010davanje svim vrstama kamena.Potpuno ili delimi\u010dno oblaganje zidova prirodnim kamenom.Kamene staze Saveti, odr\u017eavanje, za\u0161tita.\" \/>\n<meta property=\"og:url\" content=\"http:\/\/www.aquastill.co.rs\/blog\/wordpress\/prirodni-kamen\/\" \/>\n<meta property=\"og:site_name\" content=\"Akva Stil Fontane\" \/>\n<meta property=\"article:modified_time\" content=\"2015-03-26T13:23:42+00:00\" \/>\n<script type=\"application\/ld+json\" class=\"yoast-schema-graph\">{\"@context\":\"https:\/\/schema.org\",\"@graph\":[{\"@type\":\"WebPage\",\"@id\":\"http:\/\/www.aquastill.co.rs\/blog\/wordpress\/prirodni-kamen\/\",\"url\":\"http:\/\/www.aquastill.co.rs\/blog\/wordpress\/prirodni-kamen\/\",\"name\":\"Prirodni kamen - Akva Stil Fontane - Novi Sad\",\"isPartOf\":{\"@id\":\"http:\/\/www.aquastill.co.rs\/blog\/wordpress\/#website\"},\"datePublished\":\"2015-02-22T16:02:29+00:00\",\"dateModified\":\"2015-03-26T13:23:42+00:00\",\"description\":\"Ograde od prirodnog kamena. Poplo\u010davanje svim vrstama kamena.Potpuno ili delimi\u010dno oblaganje zidova prirodnim kamenom.Kamene staze Saveti, odr\u017eavanje, za\u0161tita.\",\"breadcrumb\":{\"@id\":\"http:\/\/www.aquastill.co.rs\/blog\/wordpress\/prirodni-kamen\/#breadcrumb\"},\"inLanguage\":\"en-US\",\"potentialAction\":[{\"@type\":\"ReadAction\",\"target\":[\"http:\/\/www.aquastill.co.rs\/blog\/wordpress\/prirodni-kamen\/\"]}]},{\"@type\":\"BreadcrumbList\",\"@id\":\"http:\/\/www.aquastill.co.rs\/blog\/wordpress\/prirodni-kamen\/#breadcrumb\",\"itemListElement\":[{\"@type\":\"ListItem\",\"position\":1,\"name\":\"Home\",\"item\":\"http:\/\/www.aquastill.co.rs\/blog\/wordpress\/\"},{\"@type\":\"ListItem\",\"position\":2,\"name\":\"Prirodni kamen\"}]},{\"@type\":\"WebSite\",\"@id\":\"http:\/\/www.aquastill.co.rs\/blog\/wordpress\/#website\",\"url\":\"http:\/\/www.aquastill.co.rs\/blog\/wordpress\/\",\"name\":\"Akva Stil Fontane\",\"description\":\"Ure\u0111enje dvori\u0161ta!\",\"potentialAction\":[{\"@type\":\"SearchAction\",\"target\":{\"@type\":\"EntryPoint\",\"urlTemplate\":\"http:\/\/www.aquastill.co.rs\/blog\/wordpress\/?s={search_term_string}\"},\"query-input\":\"required name=search_term_string\"}],\"inLanguage\":\"en-US\"}]}<\/script>\n<!-- \/ Yoast SEO plugin. -->","yoast_head_json":{"title":"Prirodni kamen - Akva Stil Fontane - Novi Sad","description":"Ograde od prirodnog kamena. Poplo\u010davanje svim vrstama kamena.Potpuno ili delimi\u010dno oblaganje zidova prirodnim kamenom.Kamene staze Saveti, odr\u017eavanje, za\u0161tita.","robots":{"index":"index","follow":"follow","max-snippet":"max-snippet:-1","max-image-preview":"max-image-preview:large","max-video-preview":"max-video-preview:-1"},"canonical":"http:\/\/www.aquastill.co.rs\/blog\/wordpress\/prirodni-kamen\/","og_locale":"en_US","og_type":"article","og_title":"Prirodni kamen - Akva Stil Fontane - Novi Sad","og_description":"Ograde od prirodnog kamena. Poplo\u010davanje svim vrstama kamena.Potpuno ili delimi\u010dno oblaganje zidova prirodnim kamenom.Kamene staze Saveti, odr\u017eavanje, za\u0161tita.","og_url":"http:\/\/www.aquastill.co.rs\/blog\/wordpress\/prirodni-kamen\/","og_site_name":"Akva Stil Fontane","article_modified_time":"2015-03-26T13:23:42+00:00","schema":{"@context":"https:\/\/schema.org","@graph":[{"@type":"WebPage","@id":"http:\/\/www.aquastill.co.rs\/blog\/wordpress\/prirodni-kamen\/","url":"http:\/\/www.aquastill.co.rs\/blog\/wordpress\/prirodni-kamen\/","name":"Prirodni kamen - Akva Stil Fontane - Novi Sad","isPartOf":{"@id":"http:\/\/www.aquastill.co.rs\/blog\/wordpress\/#website"},"datePublished":"2015-02-22T16:02:29+00:00","dateModified":"2015-03-26T13:23:42+00:00","description":"Ograde od prirodnog kamena. Poplo\u010davanje svim vrstama kamena.Potpuno ili delimi\u010dno oblaganje zidova prirodnim kamenom.Kamene staze Saveti, odr\u017eavanje, za\u0161tita.","breadcrumb":{"@id":"http:\/\/www.aquastill.co.rs\/blog\/wordpress\/prirodni-kamen\/#breadcrumb"},"inLanguage":"en-US","potentialAction":[{"@type":"ReadAction","target":["http:\/\/www.aquastill.co.rs\/blog\/wordpress\/prirodni-kamen\/"]}]},{"@type":"BreadcrumbList","@id":"http:\/\/www.aquastill.co.rs\/blog\/wordpress\/prirodni-kamen\/#breadcrumb","itemListElement":[{"@type":"ListItem","position":1,"name":"Home","item":"http:\/\/www.aquastill.co.rs\/blog\/wordpress\/"},{"@type":"ListItem","position":2,"name":"Prirodni kamen"}]},{"@type":"WebSite","@id":"http:\/\/www.aquastill.co.rs\/blog\/wordpress\/#website","url":"http:\/\/www.aquastill.co.rs\/blog\/wordpress\/","name":"Akva Stil Fontane","description":"Ure\u0111enje dvori\u0161ta!","potentialAction":[{"@type":"SearchAction","target":{"@type":"EntryPoint","urlTemplate":"http:\/\/www.aquastill.co.rs\/blog\/wordpress\/?s={search_term_string}"},"query-input":"required name=search_term_string"}],"inLanguage":"en-US"}]}},"_links":{"self":[{"href":"https:\/\/www.aquastill.co.rs\/blog\/wordpress\/wp-json\/wp\/v2\/pages\/327"}],"collection":[{"href":"https:\/\/www.aquastill.co.rs\/blog\/wordpress\/wp-json\/wp\/v2\/pages"}],"about":[{"href":"https:\/\/www.aquastill.co.rs\/blog\/wordpress\/wp-json\/wp\/v2\/types\/page"}],"author":[{"embeddable":true,"href":"https:\/\/www.aquastill.co.rs\/blog\/wordpress\/wp-json\/wp\/v2\/users\/1"}],"replies":[{"embeddable":true,"href":"https:\/\/www.aquastill.co.rs\/blog\/wordpress\/wp-json\/wp\/v2\/comments?post=327"}],"version-history":[{"count":4,"href":"https:\/\/www.aquastill.co.rs\/blog\/wordpress\/wp-json\/wp\/v2\/pages\/327\/revisions"}],"predecessor-version":[{"id":728,"href":"https:\/\/www.aquastill.co.rs\/blog\/wordpress\/wp-json\/wp\/v2\/pages\/327\/revisions\/728"}],"wp:attachment":[{"href":"https:\/\/www.aquastill.co.rs\/blog\/wordpress\/wp-json\/wp\/v2\/media?parent=327"}],"curies":[{"name":"wp","href":"https:\/\/api.w.org\/{rel}","templated":true}]}}