{"id":358,"date":"2015-02-22T16:34:02","date_gmt":"2015-02-22T16:34:02","guid":{"rendered":"http:\/\/www.aquastill.co.rs\/blog\/wordpress\/?page_id=358"},"modified":"2015-03-26T12:46:18","modified_gmt":"2015-03-26T12:46:18","slug":"izrada-unutrasnjih-fontana","status":"publish","type":"page","link":"https:\/\/www.aquastill.co.rs\/blog\/wordpress\/izrada-unutrasnjih-fontana\/","title":{"rendered":"Fontane unutra\u0161nje"},"content":{"rendered":"<h3><span style=\"font-family: arial, helvetica, sans-serif;\">Fontane namenjene za zatvoren prostor dele se na dva osnovna tipa.<\/span><\/h3>\n<ul>\n<li>\n<h3><span style=\"font-family: arial, helvetica, sans-serif;\">Monta\u017eno \u2013 demonta\u017ene<\/span><\/h3>\n<h3><\/h3>\n<\/li>\n<li>\n<h3><span style=\"font-family: arial, helvetica, sans-serif;\">Fiksne<\/span><\/h3>\n<\/li>\n<\/ul>\n<h3><span style=\"font-family: arial, helvetica, sans-serif;\">Monta\u017ene fontane se proizvode kod nas a vi ih dobijate gotove. Sama monta\u017ea traje 5 min. Izra\u0111uje se\u00a0 na \u010dvrstoj izolovanoj konstrukciji koja je oblo\u017eena prirodnim kamenom i drvetom. Mogu\u0107e ih je pomeriti ili premestiti. Pod im je tapaciran tako da se njima lako manipuli\u0161e i mogu se postaviti na sve vrste podova.<\/span><\/h3>\n<h3><span style=\"font-family: arial, helvetica, sans-serif;\">Fiksne fontane u zatvorenom prostoru se izgra\u0111uju na licu mesta. Mogu\u0107e je sve \u0161to i kod spoljnih fontana stim \u0161to se ozelenjavanje\u00a0 vr\u0161i sobnim cve\u0107em ( ukoliko za to ima uslova).<\/span><\/h3>\n<h3><span style=\"font-family: arial, helvetica, sans-serif;\">Servis obezbe\u0111en, garancija dve godine.<\/span><\/h3>\n<h3><span style=\"font-family: arial, helvetica, sans-serif;\">Za vi\u0161e informacija pozovite.<\/span><\/h3>\n<hr \/>\n<p style=\"text-align: center;\"><!--Start of Screenshots Gallery-->\r\n<section id=\"section_gallery_1\" class=\"section_gallery block\">\r\n\t<h2>Take a look at our screenshots<\/h2>\n\t                <a href=\"http:\/\/demos.shapingrain.com\/justlandedwp\/wp-content\/uploads\/sites\/3\/2013\/03\/1.jpg\" class=\"screenshot\" title=\"This is the first screenshot.\"><img loading=\"lazy\" decoding=\"async\" src=\"http:\/\/demos.shapingrain.com\/justlandedwp\/wp-content\/uploads\/sites\/3\/2013\/03\/1.jpg\" height=\"95\" width=\"140\" alt=\"Screenshot 1\" title=\"Screenshot 1\"\/><\/a>\r\n                        <a href=\"http:\/\/demos.shapingrain.com\/justlandedwp\/wp-content\/uploads\/sites\/3\/2013\/03\/2.jpg\" class=\"screenshot\" title=\"Here comes another one.\"><img loading=\"lazy\" decoding=\"async\" src=\"http:\/\/demos.shapingrain.com\/justlandedwp\/wp-content\/uploads\/sites\/3\/2013\/03\/2.jpg\" height=\"95\" width=\"140\" alt=\"Screenshot 2\" title=\"Screenshot 2\"\/><\/a>\r\n                        <a href=\"http:\/\/demos.shapingrain.com\/justlandedwp\/wp-content\/uploads\/sites\/3\/2013\/03\/3.jpg\" class=\"screenshot\" title=\"And here's another one!\"><img loading=\"lazy\" decoding=\"async\" src=\"http:\/\/demos.shapingrain.com\/justlandedwp\/wp-content\/uploads\/sites\/3\/2013\/03\/3.jpg\" height=\"95\" width=\"140\" alt=\"Screenshot 3\" title=\"Screenshot 3\"\/><\/a>\r\n                        <a href=\"http:\/\/demos.shapingrain.com\/justlandedwp\/wp-content\/uploads\/sites\/3\/2013\/03\/4.jpg\" class=\"screenshot\" title=\"Imagine your very own screenshot here.\"><img loading=\"lazy\" decoding=\"async\" src=\"http:\/\/demos.shapingrain.com\/justlandedwp\/wp-content\/uploads\/sites\/3\/2013\/03\/4.jpg\" height=\"95\" width=\"140\" alt=\"Screenshot 4\" title=\"Screenshot 4\"\/><\/a>\r\n                        <a href=\"http:\/\/demos.shapingrain.com\/justlandedwp\/wp-content\/uploads\/sites\/3\/2013\/03\/5.jpg\" class=\"screenshot\" title=\"You can add as many screenshots as you like.\"><img loading=\"lazy\" decoding=\"async\" src=\"http:\/\/demos.shapingrain.com\/justlandedwp\/wp-content\/uploads\/sites\/3\/2013\/03\/5.jpg\" height=\"95\" width=\"140\" alt=\"Screenshot 5\" title=\"Screenshot 5\"\/><\/a>\r\n                        <a href=\"http:\/\/demos.shapingrain.com\/justlandedwp\/wp-content\/uploads\/sites\/3\/2013\/03\/6.jpg\" class=\"screenshot\" title=\"That's all folks!\"><img loading=\"lazy\" decoding=\"async\" src=\"http:\/\/demos.shapingrain.com\/justlandedwp\/wp-content\/uploads\/sites\/3\/2013\/03\/6.jpg\" height=\"95\" width=\"140\" alt=\"Screenshot 6\" title=\"Screenshot 6\" class=\"last\"\/><\/a>\r\n            <\/section>\r\n<!--End of Screenshots Gallery-->\n<p style=\"text-align: center;\"><!--Start of Newsletter -->\n<aside  id=\"section_newsletter_1\" class=\"section_newsletter block\">\n    <div class=\"newsletter\">\n        <div class=\"newsletter_inner\">\n            <h2>Join our newsletter for exclusive deals<\/h2>\n            <!--Start of Newsletter (AWeber)-->\r\n    <form method=\"post\" class=\"af-form-wrapper\" action=\"http:\/\/www.aweber.com\/scripts\/addlead.pl\"  >\r\n        <input type=\"hidden\" name=\"meta_web_form_id\" value=\"\" \/>        <input type=\"hidden\" name=\"meta_split_id\" value=\"\" \/>        <input type=\"hidden\" name=\"listname\" value=\"\" \/>        <input type=\"hidden\" name=\"redirect\" value=\"\" \/>        <input type=\"hidden\" name=\"meta_redirect_onlist\" value=\"\" \/>        <input type=\"hidden\" name=\"meta_adtracking\" value=\"My_Web_Form\" \/>        <input type=\"hidden\" name=\"meta_message\" value=\"1\" \/>        <input type=\"hidden\" name=\"meta_required\" value=\"email\" \/>\r\n        <input type=\"hidden\" name=\"meta_tooltip\" value=\"\" \/>\r\n        <input type=\"text\" name=\"email\" class=\"email\" value=\"Your email address\" onBlur=\"if(this.value == '') { this.value = 'Your email address'; }\" onFocus=\"if(this.value == 'Your email address') { this.value = ''; }\" \/>        <input class=\"submit gradient\" type=\"submit\" value=\"Subscribe\" name=\"submit\" \/>\r\n    <\/form>\r\n    <!--End of Newsletter-->        <\/div>\n    <\/div>\n<\/aside>\n<!--End of Newsletter-->\n","protected":false},"excerpt":{"rendered":"<p>Fontane namenjene za zatvoren prostor dele se na dva osnovna tipa. Monta\u017eno \u2013 demonta\u017ene Fiksne Monta\u017ene fontane se proizvode kod nas a vi ih dobijate gotove. Sama monta\u017ea traje 5 min. Izra\u0111uje se\u00a0 na \u010dvrstoj izolovanoj konstrukciji koja je oblo\u017eena prirodnim kamenom i drvetom. Mogu\u0107e ih je pomeriti ili premestiti. Pod im je tapaciran tako [&hellip;]<\/p>\n","protected":false},"author":1,"featured_media":0,"parent":0,"menu_order":0,"comment_status":"closed","ping_status":"open","template":"page-with-banner.php","meta":{"sfsi_plus_gutenberg_text_before_share":"","sfsi_plus_gutenberg_show_text_before_share":"","sfsi_plus_gutenberg_icon_type":"","sfsi_plus_gutenberg_icon_alignemt":"","sfsi_plus_gutenburg_max_per_row":"","footnotes":""},"yoast_head":"<!-- This site is optimized with the Yoast SEO plugin v22.2 - https:\/\/yoast.com\/wordpress\/plugins\/seo\/ -->\n<title>Izrada unutra\u0161njih fontana - Akva Stil Fontane - Novi Sad<\/title>\n<meta name=\"description\" content=\"Izra\u0111ujemo i pravimo po meri kupca dva tipa unutra\u0161njih fontana, monta\u017eno-demonta\u017ene i fiskne fontane. Obezbe\u0111ujemo servis i granaciju od dve godine.\" \/>\n<meta name=\"robots\" content=\"index, follow, max-snippet:-1, max-image-preview:large, max-video-preview:-1\" \/>\n<link rel=\"canonical\" href=\"http:\/\/www.aquastill.co.rs\/blog\/wordpress\/izrada-unutrasnjih-fontana\/\" \/>\n<meta property=\"og:locale\" content=\"en_US\" \/>\n<meta property=\"og:type\" content=\"article\" \/>\n<meta property=\"og:title\" content=\"Izrada unutra\u0161njih fontana - Akva Stil Fontane - Novi Sad\" \/>\n<meta property=\"og:description\" content=\"Izra\u0111ujemo i pravimo po meri kupca dva tipa unutra\u0161njih fontana, monta\u017eno-demonta\u017ene i fiskne fontane. Obezbe\u0111ujemo servis i granaciju od dve godine.\" \/>\n<meta property=\"og:url\" content=\"http:\/\/www.aquastill.co.rs\/blog\/wordpress\/izrada-unutrasnjih-fontana\/\" \/>\n<meta property=\"og:site_name\" content=\"Akva Stil Fontane\" \/>\n<meta property=\"article:modified_time\" content=\"2015-03-26T12:46:18+00:00\" \/>\n<meta name=\"twitter:label1\" content=\"Est. reading time\" \/>\n\t<meta name=\"twitter:data1\" content=\"1 minute\" \/>\n<script type=\"application\/ld+json\" class=\"yoast-schema-graph\">{\"@context\":\"https:\/\/schema.org\",\"@graph\":[{\"@type\":\"WebPage\",\"@id\":\"http:\/\/www.aquastill.co.rs\/blog\/wordpress\/izrada-unutrasnjih-fontana\/\",\"url\":\"http:\/\/www.aquastill.co.rs\/blog\/wordpress\/izrada-unutrasnjih-fontana\/\",\"name\":\"Izrada unutra\u0161njih fontana - Akva Stil Fontane - Novi Sad\",\"isPartOf\":{\"@id\":\"http:\/\/www.aquastill.co.rs\/blog\/wordpress\/#website\"},\"datePublished\":\"2015-02-22T16:34:02+00:00\",\"dateModified\":\"2015-03-26T12:46:18+00:00\",\"description\":\"Izra\u0111ujemo i pravimo po meri kupca dva tipa unutra\u0161njih fontana, monta\u017eno-demonta\u017ene i fiskne fontane. Obezbe\u0111ujemo servis i granaciju od dve godine.\",\"breadcrumb\":{\"@id\":\"http:\/\/www.aquastill.co.rs\/blog\/wordpress\/izrada-unutrasnjih-fontana\/#breadcrumb\"},\"inLanguage\":\"en-US\",\"potentialAction\":[{\"@type\":\"ReadAction\",\"target\":[\"http:\/\/www.aquastill.co.rs\/blog\/wordpress\/izrada-unutrasnjih-fontana\/\"]}]},{\"@type\":\"BreadcrumbList\",\"@id\":\"http:\/\/www.aquastill.co.rs\/blog\/wordpress\/izrada-unutrasnjih-fontana\/#breadcrumb\",\"itemListElement\":[{\"@type\":\"ListItem\",\"position\":1,\"name\":\"Home\",\"item\":\"http:\/\/www.aquastill.co.rs\/blog\/wordpress\/\"},{\"@type\":\"ListItem\",\"position\":2,\"name\":\"Fontane unutra\u0161nje\"}]},{\"@type\":\"WebSite\",\"@id\":\"http:\/\/www.aquastill.co.rs\/blog\/wordpress\/#website\",\"url\":\"http:\/\/www.aquastill.co.rs\/blog\/wordpress\/\",\"name\":\"Akva Stil Fontane\",\"description\":\"Ure\u0111enje dvori\u0161ta!\",\"potentialAction\":[{\"@type\":\"SearchAction\",\"target\":{\"@type\":\"EntryPoint\",\"urlTemplate\":\"http:\/\/www.aquastill.co.rs\/blog\/wordpress\/?s={search_term_string}\"},\"query-input\":\"required name=search_term_string\"}],\"inLanguage\":\"en-US\"}]}<\/script>\n<!-- \/ Yoast SEO plugin. -->","yoast_head_json":{"title":"Izrada unutra\u0161njih fontana - Akva Stil Fontane - Novi Sad","description":"Izra\u0111ujemo i pravimo po meri kupca dva tipa unutra\u0161njih fontana, monta\u017eno-demonta\u017ene i fiskne fontane. Obezbe\u0111ujemo servis i granaciju od dve godine.","robots":{"index":"index","follow":"follow","max-snippet":"max-snippet:-1","max-image-preview":"max-image-preview:large","max-video-preview":"max-video-preview:-1"},"canonical":"http:\/\/www.aquastill.co.rs\/blog\/wordpress\/izrada-unutrasnjih-fontana\/","og_locale":"en_US","og_type":"article","og_title":"Izrada unutra\u0161njih fontana - Akva Stil Fontane - Novi Sad","og_description":"Izra\u0111ujemo i pravimo po meri kupca dva tipa unutra\u0161njih fontana, monta\u017eno-demonta\u017ene i fiskne fontane. Obezbe\u0111ujemo servis i granaciju od dve godine.","og_url":"http:\/\/www.aquastill.co.rs\/blog\/wordpress\/izrada-unutrasnjih-fontana\/","og_site_name":"Akva Stil Fontane","article_modified_time":"2015-03-26T12:46:18+00:00","twitter_misc":{"Est. reading time":"1 minute"},"schema":{"@context":"https:\/\/schema.org","@graph":[{"@type":"WebPage","@id":"http:\/\/www.aquastill.co.rs\/blog\/wordpress\/izrada-unutrasnjih-fontana\/","url":"http:\/\/www.aquastill.co.rs\/blog\/wordpress\/izrada-unutrasnjih-fontana\/","name":"Izrada unutra\u0161njih fontana - Akva Stil Fontane - Novi Sad","isPartOf":{"@id":"http:\/\/www.aquastill.co.rs\/blog\/wordpress\/#website"},"datePublished":"2015-02-22T16:34:02+00:00","dateModified":"2015-03-26T12:46:18+00:00","description":"Izra\u0111ujemo i pravimo po meri kupca dva tipa unutra\u0161njih fontana, monta\u017eno-demonta\u017ene i fiskne fontane. Obezbe\u0111ujemo servis i granaciju od dve godine.","breadcrumb":{"@id":"http:\/\/www.aquastill.co.rs\/blog\/wordpress\/izrada-unutrasnjih-fontana\/#breadcrumb"},"inLanguage":"en-US","potentialAction":[{"@type":"ReadAction","target":["http:\/\/www.aquastill.co.rs\/blog\/wordpress\/izrada-unutrasnjih-fontana\/"]}]},{"@type":"BreadcrumbList","@id":"http:\/\/www.aquastill.co.rs\/blog\/wordpress\/izrada-unutrasnjih-fontana\/#breadcrumb","itemListElement":[{"@type":"ListItem","position":1,"name":"Home","item":"http:\/\/www.aquastill.co.rs\/blog\/wordpress\/"},{"@type":"ListItem","position":2,"name":"Fontane unutra\u0161nje"}]},{"@type":"WebSite","@id":"http:\/\/www.aquastill.co.rs\/blog\/wordpress\/#website","url":"http:\/\/www.aquastill.co.rs\/blog\/wordpress\/","name":"Akva Stil Fontane","description":"Ure\u0111enje dvori\u0161ta!","potentialAction":[{"@type":"SearchAction","target":{"@type":"EntryPoint","urlTemplate":"http:\/\/www.aquastill.co.rs\/blog\/wordpress\/?s={search_term_string}"},"query-input":"required name=search_term_string"}],"inLanguage":"en-US"}]}},"_links":{"self":[{"href":"https:\/\/www.aquastill.co.rs\/blog\/wordpress\/wp-json\/wp\/v2\/pages\/358"}],"collection":[{"href":"https:\/\/www.aquastill.co.rs\/blog\/wordpress\/wp-json\/wp\/v2\/pages"}],"about":[{"href":"https:\/\/www.aquastill.co.rs\/blog\/wordpress\/wp-json\/wp\/v2\/types\/page"}],"author":[{"embeddable":true,"href":"https:\/\/www.aquastill.co.rs\/blog\/wordpress\/wp-json\/wp\/v2\/users\/1"}],"replies":[{"embeddable":true,"href":"https:\/\/www.aquastill.co.rs\/blog\/wordpress\/wp-json\/wp\/v2\/comments?post=358"}],"version-history":[{"count":9,"href":"https:\/\/www.aquastill.co.rs\/blog\/wordpress\/wp-json\/wp\/v2\/pages\/358\/revisions"}],"predecessor-version":[{"id":748,"href":"https:\/\/www.aquastill.co.rs\/blog\/wordpress\/wp-json\/wp\/v2\/pages\/358\/revisions\/748"}],"wp:attachment":[{"href":"https:\/\/www.aquastill.co.rs\/blog\/wordpress\/wp-json\/wp\/v2\/media?parent=358"}],"curies":[{"name":"wp","href":"https:\/\/api.w.org\/{rel}","templated":true}]}}