{"id":439,"date":"2015-03-17T13:31:22","date_gmt":"2015-03-17T13:31:22","guid":{"rendered":"http:\/\/www.aquastill.co.rs\/blog\/wordpress\/?page_id=439"},"modified":"2015-03-26T13:05:46","modified_gmt":"2015-03-26T13:05:46","slug":"bastenske-garniture","status":"publish","type":"page","link":"https:\/\/www.aquastill.co.rs\/blog\/wordpress\/bastenske-garniture\/","title":{"rendered":"Garniture za sedenje"},"content":{"rendered":"<h3><span style=\"font-family: arial, helvetica, sans-serif;\">Ba\u0161tenske garniture se\u00a0 proizvode od smreke, bora ili jele.<\/span><\/h3>\n<h3><span style=\"font-family: arial, helvetica, sans-serif;\">Dimenzije nisu standardne tako da mozete poru\u010diti po meri. Vodite ra\u010duna o prostoru kojim raspola\u017eete i \u017eeljenom broju sede\u0107ih mesta.<\/span><\/h3>\n<h3><span style=\"font-family: arial, helvetica, sans-serif;\">Za jednog prose\u010dnog \u010doveka je potrebno od 50-60 cm \u0161irine. U zavisnosti od koli\u010dine odobravamo popuste.<\/span><\/h3>\n<h3><span style=\"font-family: arial, helvetica, sans-serif;\">Za vi\u0161e informacija pozovite.<\/span><\/h3>\n<hr \/>\n<!--Start of Screenshots Gallery-->\r\n<section id=\"section_gallery_1\" class=\"section_gallery block\">\r\n\t<h2>Take a look at our screenshots<\/h2>\n\t                <a href=\"http:\/\/demos.shapingrain.com\/justlandedwp\/wp-content\/uploads\/sites\/3\/2013\/03\/1.jpg\" class=\"screenshot\" title=\"This is the first screenshot.\"><img loading=\"lazy\" decoding=\"async\" src=\"http:\/\/demos.shapingrain.com\/justlandedwp\/wp-content\/uploads\/sites\/3\/2013\/03\/1.jpg\" height=\"95\" width=\"140\" alt=\"Screenshot 1\" title=\"Screenshot 1\"\/><\/a>\r\n                        <a href=\"http:\/\/demos.shapingrain.com\/justlandedwp\/wp-content\/uploads\/sites\/3\/2013\/03\/2.jpg\" class=\"screenshot\" title=\"Here comes another one.\"><img loading=\"lazy\" decoding=\"async\" src=\"http:\/\/demos.shapingrain.com\/justlandedwp\/wp-content\/uploads\/sites\/3\/2013\/03\/2.jpg\" height=\"95\" width=\"140\" alt=\"Screenshot 2\" title=\"Screenshot 2\"\/><\/a>\r\n                        <a href=\"http:\/\/demos.shapingrain.com\/justlandedwp\/wp-content\/uploads\/sites\/3\/2013\/03\/3.jpg\" class=\"screenshot\" title=\"And here's another one!\"><img loading=\"lazy\" decoding=\"async\" src=\"http:\/\/demos.shapingrain.com\/justlandedwp\/wp-content\/uploads\/sites\/3\/2013\/03\/3.jpg\" height=\"95\" width=\"140\" alt=\"Screenshot 3\" title=\"Screenshot 3\"\/><\/a>\r\n                        <a href=\"http:\/\/demos.shapingrain.com\/justlandedwp\/wp-content\/uploads\/sites\/3\/2013\/03\/4.jpg\" class=\"screenshot\" title=\"Imagine your very own screenshot here.\"><img loading=\"lazy\" decoding=\"async\" src=\"http:\/\/demos.shapingrain.com\/justlandedwp\/wp-content\/uploads\/sites\/3\/2013\/03\/4.jpg\" height=\"95\" width=\"140\" alt=\"Screenshot 4\" title=\"Screenshot 4\"\/><\/a>\r\n                        <a href=\"http:\/\/demos.shapingrain.com\/justlandedwp\/wp-content\/uploads\/sites\/3\/2013\/03\/5.jpg\" class=\"screenshot\" title=\"You can add as many screenshots as you like.\"><img loading=\"lazy\" decoding=\"async\" src=\"http:\/\/demos.shapingrain.com\/justlandedwp\/wp-content\/uploads\/sites\/3\/2013\/03\/5.jpg\" height=\"95\" width=\"140\" alt=\"Screenshot 5\" title=\"Screenshot 5\"\/><\/a>\r\n                        <a href=\"http:\/\/demos.shapingrain.com\/justlandedwp\/wp-content\/uploads\/sites\/3\/2013\/03\/6.jpg\" class=\"screenshot\" title=\"That's all folks!\"><img loading=\"lazy\" decoding=\"async\" src=\"http:\/\/demos.shapingrain.com\/justlandedwp\/wp-content\/uploads\/sites\/3\/2013\/03\/6.jpg\" height=\"95\" width=\"140\" alt=\"Screenshot 6\" title=\"Screenshot 6\" class=\"last\"\/><\/a>\r\n            <\/section>\r\n<!--End of Screenshots Gallery-->\n<!--Start of Newsletter -->\n<aside  id=\"section_newsletter_1\" class=\"section_newsletter block\">\n    <div class=\"newsletter\">\n        <div class=\"newsletter_inner\">\n            <h2>Join our newsletter for exclusive deals<\/h2>\n            <!--Start of Newsletter (AWeber)-->\r\n    <form method=\"post\" class=\"af-form-wrapper\" action=\"http:\/\/www.aweber.com\/scripts\/addlead.pl\"  >\r\n        <input type=\"hidden\" name=\"meta_web_form_id\" value=\"\" \/>        <input type=\"hidden\" name=\"meta_split_id\" value=\"\" \/>        <input type=\"hidden\" name=\"listname\" value=\"\" \/>        <input type=\"hidden\" name=\"redirect\" value=\"\" \/>        <input type=\"hidden\" name=\"meta_redirect_onlist\" value=\"\" \/>        <input type=\"hidden\" name=\"meta_adtracking\" value=\"My_Web_Form\" \/>        <input type=\"hidden\" name=\"meta_message\" value=\"1\" \/>        <input type=\"hidden\" name=\"meta_required\" value=\"email\" \/>\r\n        <input type=\"hidden\" name=\"meta_tooltip\" value=\"\" \/>\r\n        <input type=\"text\" name=\"email\" class=\"email\" value=\"Your email address\" onBlur=\"if(this.value == '') { this.value = 'Your email address'; }\" onFocus=\"if(this.value == 'Your email address') { this.value = ''; }\" \/>        <input class=\"submit gradient\" type=\"submit\" value=\"Subscribe\" name=\"submit\" \/>\r\n    <\/form>\r\n    <!--End of Newsletter-->        <\/div>\n    <\/div>\n<\/aside>\n<!--End of Newsletter-->\n","protected":false},"excerpt":{"rendered":"<p>Ba\u0161tenske garniture se\u00a0 proizvode od smreke, bora ili jele. Dimenzije nisu standardne tako da mozete poru\u010diti po meri. Vodite ra\u010duna o prostoru kojim raspola\u017eete i \u017eeljenom broju sede\u0107ih mesta. Za jednog prose\u010dnog \u010doveka je potrebno od 50-60 cm \u0161irine. U zavisnosti od koli\u010dine odobravamo popuste. Za vi\u0161e informacija pozovite.<\/p>\n","protected":false},"author":1,"featured_media":0,"parent":0,"menu_order":0,"comment_status":"closed","ping_status":"open","template":"page-with-banner.php","meta":{"sfsi_plus_gutenberg_text_before_share":"","sfsi_plus_gutenberg_show_text_before_share":"","sfsi_plus_gutenberg_icon_type":"","sfsi_plus_gutenberg_icon_alignemt":"","sfsi_plus_gutenburg_max_per_row":"","footnotes":""},"yoast_head":"<!-- This site is optimized with the Yoast SEO plugin v22.2 - https:\/\/yoast.com\/wordpress\/plugins\/seo\/ -->\n<title>Ba\u0161tenske garniture po meri - Akva Stil Fontane - Novi Sad<\/title>\n<meta name=\"description\" content=\"Ba\u0161tenske garniture po meri. U zavisnosti od koli\u010dine odobravamo popuste. Novi Sad,Tel:021\/833-545\" \/>\n<meta name=\"robots\" content=\"index, follow, max-snippet:-1, max-image-preview:large, max-video-preview:-1\" \/>\n<link rel=\"canonical\" href=\"https:\/\/www.aquastill.co.rs\/blog\/wordpress\/bastenske-garniture\/\" \/>\n<meta property=\"og:locale\" content=\"en_US\" \/>\n<meta property=\"og:type\" content=\"article\" \/>\n<meta property=\"og:title\" content=\"Ba\u0161tenske garniture po meri - Akva Stil Fontane - Novi Sad\" \/>\n<meta property=\"og:description\" content=\"Ba\u0161tenske garniture po meri. U zavisnosti od koli\u010dine odobravamo popuste. Novi Sad,Tel:021\/833-545\" \/>\n<meta property=\"og:url\" content=\"https:\/\/www.aquastill.co.rs\/blog\/wordpress\/bastenske-garniture\/\" \/>\n<meta property=\"og:site_name\" content=\"Akva Stil Fontane\" \/>\n<meta property=\"article:modified_time\" content=\"2015-03-26T13:05:46+00:00\" \/>\n<script type=\"application\/ld+json\" class=\"yoast-schema-graph\">{\"@context\":\"https:\/\/schema.org\",\"@graph\":[{\"@type\":\"WebPage\",\"@id\":\"https:\/\/www.aquastill.co.rs\/blog\/wordpress\/bastenske-garniture\/\",\"url\":\"https:\/\/www.aquastill.co.rs\/blog\/wordpress\/bastenske-garniture\/\",\"name\":\"Ba\u0161tenske garniture po meri - Akva Stil Fontane - Novi Sad\",\"isPartOf\":{\"@id\":\"http:\/\/www.aquastill.co.rs\/blog\/wordpress\/#website\"},\"datePublished\":\"2015-03-17T13:31:22+00:00\",\"dateModified\":\"2015-03-26T13:05:46+00:00\",\"description\":\"Ba\u0161tenske garniture po meri. U zavisnosti od koli\u010dine odobravamo popuste. Novi Sad,Tel:021\/833-545\",\"breadcrumb\":{\"@id\":\"https:\/\/www.aquastill.co.rs\/blog\/wordpress\/bastenske-garniture\/#breadcrumb\"},\"inLanguage\":\"en-US\",\"potentialAction\":[{\"@type\":\"ReadAction\",\"target\":[\"https:\/\/www.aquastill.co.rs\/blog\/wordpress\/bastenske-garniture\/\"]}]},{\"@type\":\"BreadcrumbList\",\"@id\":\"https:\/\/www.aquastill.co.rs\/blog\/wordpress\/bastenske-garniture\/#breadcrumb\",\"itemListElement\":[{\"@type\":\"ListItem\",\"position\":1,\"name\":\"Home\",\"item\":\"http:\/\/www.aquastill.co.rs\/blog\/wordpress\/\"},{\"@type\":\"ListItem\",\"position\":2,\"name\":\"Garniture za sedenje\"}]},{\"@type\":\"WebSite\",\"@id\":\"http:\/\/www.aquastill.co.rs\/blog\/wordpress\/#website\",\"url\":\"http:\/\/www.aquastill.co.rs\/blog\/wordpress\/\",\"name\":\"Akva Stil Fontane\",\"description\":\"Ure\u0111enje dvori\u0161ta!\",\"potentialAction\":[{\"@type\":\"SearchAction\",\"target\":{\"@type\":\"EntryPoint\",\"urlTemplate\":\"http:\/\/www.aquastill.co.rs\/blog\/wordpress\/?s={search_term_string}\"},\"query-input\":\"required name=search_term_string\"}],\"inLanguage\":\"en-US\"}]}<\/script>\n<!-- \/ Yoast SEO plugin. -->","yoast_head_json":{"title":"Ba\u0161tenske garniture po meri - Akva Stil Fontane - Novi Sad","description":"Ba\u0161tenske garniture po meri. U zavisnosti od koli\u010dine odobravamo popuste. Novi Sad,Tel:021\/833-545","robots":{"index":"index","follow":"follow","max-snippet":"max-snippet:-1","max-image-preview":"max-image-preview:large","max-video-preview":"max-video-preview:-1"},"canonical":"https:\/\/www.aquastill.co.rs\/blog\/wordpress\/bastenske-garniture\/","og_locale":"en_US","og_type":"article","og_title":"Ba\u0161tenske garniture po meri - Akva Stil Fontane - Novi Sad","og_description":"Ba\u0161tenske garniture po meri. U zavisnosti od koli\u010dine odobravamo popuste. Novi Sad,Tel:021\/833-545","og_url":"https:\/\/www.aquastill.co.rs\/blog\/wordpress\/bastenske-garniture\/","og_site_name":"Akva Stil Fontane","article_modified_time":"2015-03-26T13:05:46+00:00","schema":{"@context":"https:\/\/schema.org","@graph":[{"@type":"WebPage","@id":"https:\/\/www.aquastill.co.rs\/blog\/wordpress\/bastenske-garniture\/","url":"https:\/\/www.aquastill.co.rs\/blog\/wordpress\/bastenske-garniture\/","name":"Ba\u0161tenske garniture po meri - Akva Stil Fontane - Novi Sad","isPartOf":{"@id":"http:\/\/www.aquastill.co.rs\/blog\/wordpress\/#website"},"datePublished":"2015-03-17T13:31:22+00:00","dateModified":"2015-03-26T13:05:46+00:00","description":"Ba\u0161tenske garniture po meri. U zavisnosti od koli\u010dine odobravamo popuste. Novi Sad,Tel:021\/833-545","breadcrumb":{"@id":"https:\/\/www.aquastill.co.rs\/blog\/wordpress\/bastenske-garniture\/#breadcrumb"},"inLanguage":"en-US","potentialAction":[{"@type":"ReadAction","target":["https:\/\/www.aquastill.co.rs\/blog\/wordpress\/bastenske-garniture\/"]}]},{"@type":"BreadcrumbList","@id":"https:\/\/www.aquastill.co.rs\/blog\/wordpress\/bastenske-garniture\/#breadcrumb","itemListElement":[{"@type":"ListItem","position":1,"name":"Home","item":"http:\/\/www.aquastill.co.rs\/blog\/wordpress\/"},{"@type":"ListItem","position":2,"name":"Garniture za sedenje"}]},{"@type":"WebSite","@id":"http:\/\/www.aquastill.co.rs\/blog\/wordpress\/#website","url":"http:\/\/www.aquastill.co.rs\/blog\/wordpress\/","name":"Akva Stil Fontane","description":"Ure\u0111enje dvori\u0161ta!","potentialAction":[{"@type":"SearchAction","target":{"@type":"EntryPoint","urlTemplate":"http:\/\/www.aquastill.co.rs\/blog\/wordpress\/?s={search_term_string}"},"query-input":"required name=search_term_string"}],"inLanguage":"en-US"}]}},"_links":{"self":[{"href":"https:\/\/www.aquastill.co.rs\/blog\/wordpress\/wp-json\/wp\/v2\/pages\/439"}],"collection":[{"href":"https:\/\/www.aquastill.co.rs\/blog\/wordpress\/wp-json\/wp\/v2\/pages"}],"about":[{"href":"https:\/\/www.aquastill.co.rs\/blog\/wordpress\/wp-json\/wp\/v2\/types\/page"}],"author":[{"embeddable":true,"href":"https:\/\/www.aquastill.co.rs\/blog\/wordpress\/wp-json\/wp\/v2\/users\/1"}],"replies":[{"embeddable":true,"href":"https:\/\/www.aquastill.co.rs\/blog\/wordpress\/wp-json\/wp\/v2\/comments?post=439"}],"version-history":[{"count":5,"href":"https:\/\/www.aquastill.co.rs\/blog\/wordpress\/wp-json\/wp\/v2\/pages\/439\/revisions"}],"predecessor-version":[{"id":762,"href":"https:\/\/www.aquastill.co.rs\/blog\/wordpress\/wp-json\/wp\/v2\/pages\/439\/revisions\/762"}],"wp:attachment":[{"href":"https:\/\/www.aquastill.co.rs\/blog\/wordpress\/wp-json\/wp\/v2\/media?parent=439"}],"curies":[{"name":"wp","href":"https:\/\/api.w.org\/{rel}","templated":true}]}}